{"id":146796,"date":"2025-02-14T18:44:09","date_gmt":"2025-02-14T17:44:09","guid":{"rendered":"https:\/\/www.nuageconceptstore.ch\/?post_type=product&p=146796"},"modified":"2025-02-15T21:24:34","modified_gmt":"2025-02-15T20:24:34","slug":"cactus-sweatshirt","status":"publish","type":"product","link":"https:\/\/www.nuageconceptstore.ch\/en\/produit\/cactus-sweatshirt\/","title":{"rendered":"Cactus Sweatshirt"},"content":{"rendered":"","protected":false},"excerpt":{"rendered":"<p id=\"tw-target-text\" class=\"tw-data-text tw-text-large tw-ta\" dir=\"ltr\" data-placeholder=\"Traduction\" data-ved=\"2ahUKEwiKrKOU24uLAxVE9bsIHa4INHIQ3ewLegQIARAW\" aria-label=\"Texte traduit : Jouer dehors pendant des heures, faire du v\u00e9lo, se d\u00e9fouler ou faire du bricolage : votre fils ou votre fille n'aime probablement rien de plus que d'\u00eatre occup\u00e9 toute la journ\u00e9e. Peindre \u00e0 l'int\u00e9rieur \u00e0 table et faire un merveilleux d\u00e9sordre ou construire des cabanes \u00e0 l'ext\u00e9rieur et jouer sous la pluie - il y a tellement de choses \u00e0 faire, \u00e0 d\u00e9couvrir et \u00e0 se salir. En fin de compte, il y a de fortes chances que ses v\u00eatements soient couverts de taches qui racontent toutes leur propre histoire. Dans ces situations, il est bon de savoir que votre enfant porte des v\u00eatements parfaitement ajust\u00e9s et fabriqu\u00e9s dans un mat\u00e9riau durable de haute qualit\u00e9 qui gardera son aspect neuf apr\u00e8s chaque lavage. Stains &amp; Stories fabrique des v\u00eatements adapt\u00e9s \u00e0 la vie aventureuse de votre fils ou de votre fille. Un peu espi\u00e8gle, ludique et r\u00e9sistant, et d\u00e9clin\u00e9 dans des designs tendances et des couleurs cool, il leur donnera envie de partir \u00e0 l'aventure au quotidien ! Vous serez heureux de savoir que chaque pull, t-shirt, pantalon ou veste est fabriqu\u00e9 en coton avec le label de qualit\u00e9 BCI (Better Cotton Initiative), un label utilis\u00e9 pour le coton cultiv\u00e9 de mani\u00e8re durable. La superbe collection de v\u00eatements Stains &amp; Stories est disponible dans les tailles 80 \u00e0 140, elle est merveilleusement douce et confortable, un peu d\u00e9cal\u00e9e et sp\u00e9cifiquement destin\u00e9e aux aventuriers \u00e2g\u00e9s de 1 \u00e0 10 ans. Vous pouvez combiner \u00e0 l'infini nos v\u00eatements dans des couleurs gaies et amusantes. et des designs sympas. M\u00e9langez et associez autant que vous le souhaitez, pour que votre petit grand aventurier puisse explorer le monde au quotidien avec un sourire malicieux.\">This cactus sweatshirt is the perfect ally for little explorers looking for adventure! Designed in a soft and resistant fabric, it is designed to accompany their days of games, discoveries and escapades. Its cactus print adds a fun and trendy touch, while its comfortable fit ensures total freedom of movement. At school, in the park or at home, it will quickly become their go-to to conquer the world with energy and imagination!   <\/p>\n<ul>\n<li>Composition: 100% BCI cotton<\/li>\n<\/ul>\n","protected":false},"featured_media":146787,"comment_status":"open","ping_status":"closed","template":"elementor_theme","meta":{"site-sidebar-layout":"default","site-content-layout":"","ast-site-content-layout":"default","site-content-style":"default","site-sidebar-style":"default","ast-global-header-display":"","ast-banner-title-visibility":"","ast-main-header-display":"","ast-hfb-above-header-display":"","ast-hfb-below-header-display":"","ast-hfb-mobile-header-display":"","site-post-title":"","ast-breadcrumbs-content":"","ast-featured-img":"","footer-sml-layout":"","ast-disable-related-posts":"","theme-transparent-header-meta":"","adv-header-id-meta":"","stick-header-meta":"","header-above-stick-meta":"","header-main-stick-meta":"","header-below-stick-meta":"","astra-migrate-meta-layouts":"default","ast-page-background-enabled":"default","ast-page-background-meta":{"desktop":{"background-color":"var(--ast-global-color-5)","background-image":"","background-repeat":"repeat","background-position":"center center","background-size":"auto","background-attachment":"scroll","background-type":"","background-media":"","overlay-type":"","overlay-color":"","overlay-opacity":"","overlay-gradient":""},"tablet":{"background-color":"","background-image":"","background-repeat":"repeat","background-position":"center center","background-size":"auto","background-attachment":"scroll","background-type":"","background-media":"","overlay-type":"","overlay-color":"","overlay-opacity":"","overlay-gradient":""},"mobile":{"background-color":"","background-image":"","background-repeat":"repeat","background-position":"center center","background-size":"auto","background-attachment":"scroll","background-type":"","background-media":"","overlay-type":"","overlay-color":"","overlay-opacity":"","overlay-gradient":""}},"ast-content-background-meta":{"desktop":{"background-color":"var(--ast-global-color-4)","background-image":"","background-repeat":"repeat","background-position":"center center","background-size":"auto","background-attachment":"scroll","background-type":"","background-media":"","overlay-type":"","overlay-color":"","overlay-opacity":"","overlay-gradient":""},"tablet":{"background-color":"var(--ast-global-color-4)","background-image":"","background-repeat":"repeat","background-position":"center center","background-size":"auto","background-attachment":"scroll","background-type":"","background-media":"","overlay-type":"","overlay-color":"","overlay-opacity":"","overlay-gradient":""},"mobile":{"background-color":"var(--ast-global-color-4)","background-image":"","background-repeat":"repeat","background-position":"center center","background-size":"auto","background-attachment":"scroll","background-type":"","background-media":"","overlay-type":"","overlay-color":"","overlay-opacity":"","overlay-gradient":""}}},"product_brand":[],"product_cat":[2182,4138,2265,4056,2453],"product_tag":[4284],"class_list":{"0":"post-146796","1":"product","2":"type-product","3":"status-publish","4":"has-post-thumbnail","6":"product_cat-brands","7":"product_cat-childrens-clothing","8":"product_cat-kids","9":"product_cat-stains-stories-en","10":"product_cat-sweatshirts-sweaters-jackets-en","11":"product_tag-winter-boy","12":"desktop-align-left","13":"tablet-align-left","14":"mobile-align-left","15":"ast-product-gallery-layout-horizontal-slider","16":"ast-product-single-variable","17":"ast-product-tabs-layout-horizontal","19":"first","20":"instock","21":"taxable","22":"shipping-taxable","23":"purchasable","24":"product-type-variable","25":"has-default-attributes"},"yoast_head":"<!-- This site is optimized with the Yoast SEO plugin v27.4 - https:\/\/yoast.com\/product\/yoast-seo-wordpress\/ -->\n<title>Cactus Sweatshirt - Nuage<\/title>\n<meta name=\"robots\" content=\"index, follow, max-snippet:-1, max-image-preview:large, max-video-preview:-1\" \/>\n<link rel=\"canonical\" href=\"https:\/\/www.nuageconceptstore.ch\/en\/produit\/cactus-sweatshirt\/\" \/>\n<meta property=\"og:locale\" content=\"en_US\" \/>\n<meta property=\"og:type\" content=\"article\" \/>\n<meta property=\"og:title\" content=\"Cactus Sweatshirt - Nuage\" \/>\n<meta property=\"og:description\" content=\"This cactus sweatshirt is the perfect ally for little explorers looking for adventure! Designed in a soft and resistant fabric, it is designed to accompany their days of games, discoveries and escapades. Its cactus print adds a fun and trendy touch, while its comfortable fit ensures total freedom of movement. At school, in the park or at home, it will quickly become their go-to to conquer the world with energy and imagination!    Composition: 100% BCI cotton\" \/>\n<meta property=\"og:url\" content=\"https:\/\/www.nuageconceptstore.ch\/en\/produit\/cactus-sweatshirt\/\" \/>\n<meta property=\"og:site_name\" content=\"Nuage\" \/>\n<meta property=\"article:publisher\" content=\"https:\/\/www.facebook.com\/nuagelausanne\" \/>\n<meta property=\"article:modified_time\" content=\"2025-02-15T20:24:34+00:00\" \/>\n<meta property=\"og:image\" content=\"https:\/\/www.nuageconceptstore.ch\/wp-content\/uploads\/2025\/02\/StainsStories_Sweat-cactus-01.jpg\" \/>\n\t<meta property=\"og:image:width\" content=\"1000\" \/>\n\t<meta property=\"og:image:height\" content=\"1000\" \/>\n\t<meta property=\"og:image:type\" content=\"image\/jpeg\" \/>\n<meta name=\"twitter:card\" content=\"summary_large_image\" \/>\n<script type=\"application\/ld+json\" class=\"yoast-schema-graph\">{\"@context\":\"https:\\\/\\\/schema.org\",\"@graph\":[{\"@type\":\"WebPage\",\"@id\":\"https:\\\/\\\/www.nuageconceptstore.ch\\\/en\\\/produit\\\/cactus-sweatshirt\\\/\",\"url\":\"https:\\\/\\\/www.nuageconceptstore.ch\\\/en\\\/produit\\\/cactus-sweatshirt\\\/\",\"name\":\"Cactus Sweatshirt - Nuage\",\"isPartOf\":{\"@id\":\"https:\\\/\\\/www.nuageconceptstore.ch\\\/en\\\/#website\"},\"primaryImageOfPage\":{\"@id\":\"https:\\\/\\\/www.nuageconceptstore.ch\\\/en\\\/produit\\\/cactus-sweatshirt\\\/#primaryimage\"},\"image\":{\"@id\":\"https:\\\/\\\/www.nuageconceptstore.ch\\\/en\\\/produit\\\/cactus-sweatshirt\\\/#primaryimage\"},\"thumbnailUrl\":\"https:\\\/\\\/www.nuageconceptstore.ch\\\/wp-content\\\/uploads\\\/2025\\\/02\\\/StainsStories_Sweat-cactus-01.jpg\",\"datePublished\":\"2025-02-14T17:44:09+00:00\",\"dateModified\":\"2025-02-15T20:24:34+00:00\",\"breadcrumb\":{\"@id\":\"https:\\\/\\\/www.nuageconceptstore.ch\\\/en\\\/produit\\\/cactus-sweatshirt\\\/#breadcrumb\"},\"inLanguage\":\"en-US\",\"potentialAction\":[{\"@type\":\"ReadAction\",\"target\":[\"https:\\\/\\\/www.nuageconceptstore.ch\\\/en\\\/produit\\\/cactus-sweatshirt\\\/\"]}]},{\"@type\":\"ImageObject\",\"inLanguage\":\"en-US\",\"@id\":\"https:\\\/\\\/www.nuageconceptstore.ch\\\/en\\\/produit\\\/cactus-sweatshirt\\\/#primaryimage\",\"url\":\"https:\\\/\\\/www.nuageconceptstore.ch\\\/wp-content\\\/uploads\\\/2025\\\/02\\\/StainsStories_Sweat-cactus-01.jpg\",\"contentUrl\":\"https:\\\/\\\/www.nuageconceptstore.ch\\\/wp-content\\\/uploads\\\/2025\\\/02\\\/StainsStories_Sweat-cactus-01.jpg\",\"width\":1000,\"height\":1000},{\"@type\":\"BreadcrumbList\",\"@id\":\"https:\\\/\\\/www.nuageconceptstore.ch\\\/en\\\/produit\\\/cactus-sweatshirt\\\/#breadcrumb\",\"itemListElement\":[{\"@type\":\"ListItem\",\"position\":1,\"name\":\"Welcome\",\"item\":\"https:\\\/\\\/www.nuageconceptstore.ch\\\/en\\\/home-01\\\/\"},{\"@type\":\"ListItem\",\"position\":2,\"name\":\"Products\",\"item\":\"https:\\\/\\\/www.nuageconceptstore.ch\\\/en\\\/shop\\\/\"},{\"@type\":\"ListItem\",\"position\":3,\"name\":\"Cactus Sweatshirt\"}]},{\"@type\":\"WebSite\",\"@id\":\"https:\\\/\\\/www.nuageconceptstore.ch\\\/en\\\/#website\",\"url\":\"https:\\\/\\\/www.nuageconceptstore.ch\\\/en\\\/\",\"name\":\"Nuage Concept Store\",\"description\":\"The Concept store for children\",\"publisher\":{\"@id\":\"https:\\\/\\\/www.nuageconceptstore.ch\\\/en\\\/#organization\"},\"potentialAction\":[{\"@type\":\"SearchAction\",\"target\":{\"@type\":\"EntryPoint\",\"urlTemplate\":\"https:\\\/\\\/www.nuageconceptstore.ch\\\/en\\\/?s={search_term_string}\"},\"query-input\":{\"@type\":\"PropertyValueSpecification\",\"valueRequired\":true,\"valueName\":\"search_term_string\"}}],\"inLanguage\":\"en-US\"},{\"@type\":\"Organization\",\"@id\":\"https:\\\/\\\/www.nuageconceptstore.ch\\\/en\\\/#organization\",\"name\":\"Nuage Concept Store\",\"url\":\"https:\\\/\\\/www.nuageconceptstore.ch\\\/en\\\/\",\"logo\":{\"@type\":\"ImageObject\",\"inLanguage\":\"en-US\",\"@id\":\"https:\\\/\\\/www.nuageconceptstore.ch\\\/en\\\/#\\\/schema\\\/logo\\\/image\\\/\",\"url\":\"https:\\\/\\\/nuagelausanne.ch\\\/wp-content\\\/uploads\\\/2022\\\/02\\\/cropped-LOGO_2022_SANS_ETOILE-e1643927377685.png\",\"contentUrl\":\"https:\\\/\\\/nuagelausanne.ch\\\/wp-content\\\/uploads\\\/2022\\\/02\\\/cropped-LOGO_2022_SANS_ETOILE-e1643927377685.png\",\"width\":512,\"height\":512,\"caption\":\"Nuage Concept Store\"},\"image\":{\"@id\":\"https:\\\/\\\/www.nuageconceptstore.ch\\\/en\\\/#\\\/schema\\\/logo\\\/image\\\/\"},\"sameAs\":[\"https:\\\/\\\/www.facebook.com\\\/nuagelausanne\",\"https:\\\/\\\/www.instagram.com\\\/nuagelausanne\"]}]}<\/script>\n<!-- \/ Yoast SEO plugin. -->","yoast_head_json":{"title":"Cactus Sweatshirt - Nuage","robots":{"index":"index","follow":"follow","max-snippet":"max-snippet:-1","max-image-preview":"max-image-preview:large","max-video-preview":"max-video-preview:-1"},"canonical":"https:\/\/www.nuageconceptstore.ch\/en\/produit\/cactus-sweatshirt\/","og_locale":"en_US","og_type":"article","og_title":"Cactus Sweatshirt - Nuage","og_description":"This cactus sweatshirt is the perfect ally for little explorers looking for adventure! Designed in a soft and resistant fabric, it is designed to accompany their days of games, discoveries and escapades. Its cactus print adds a fun and trendy touch, while its comfortable fit ensures total freedom of movement. At school, in the park or at home, it will quickly become their go-to to conquer the world with energy and imagination!    Composition: 100% BCI cotton","og_url":"https:\/\/www.nuageconceptstore.ch\/en\/produit\/cactus-sweatshirt\/","og_site_name":"Nuage","article_publisher":"https:\/\/www.facebook.com\/nuagelausanne","article_modified_time":"2025-02-15T20:24:34+00:00","og_image":[{"width":1000,"height":1000,"url":"https:\/\/www.nuageconceptstore.ch\/wp-content\/uploads\/2025\/02\/StainsStories_Sweat-cactus-01.jpg","type":"image\/jpeg"}],"twitter_card":"summary_large_image","schema":{"@context":"https:\/\/schema.org","@graph":[{"@type":"WebPage","@id":"https:\/\/www.nuageconceptstore.ch\/en\/produit\/cactus-sweatshirt\/","url":"https:\/\/www.nuageconceptstore.ch\/en\/produit\/cactus-sweatshirt\/","name":"Cactus Sweatshirt - Nuage","isPartOf":{"@id":"https:\/\/www.nuageconceptstore.ch\/en\/#website"},"primaryImageOfPage":{"@id":"https:\/\/www.nuageconceptstore.ch\/en\/produit\/cactus-sweatshirt\/#primaryimage"},"image":{"@id":"https:\/\/www.nuageconceptstore.ch\/en\/produit\/cactus-sweatshirt\/#primaryimage"},"thumbnailUrl":"https:\/\/www.nuageconceptstore.ch\/wp-content\/uploads\/2025\/02\/StainsStories_Sweat-cactus-01.jpg","datePublished":"2025-02-14T17:44:09+00:00","dateModified":"2025-02-15T20:24:34+00:00","breadcrumb":{"@id":"https:\/\/www.nuageconceptstore.ch\/en\/produit\/cactus-sweatshirt\/#breadcrumb"},"inLanguage":"en-US","potentialAction":[{"@type":"ReadAction","target":["https:\/\/www.nuageconceptstore.ch\/en\/produit\/cactus-sweatshirt\/"]}]},{"@type":"ImageObject","inLanguage":"en-US","@id":"https:\/\/www.nuageconceptstore.ch\/en\/produit\/cactus-sweatshirt\/#primaryimage","url":"https:\/\/www.nuageconceptstore.ch\/wp-content\/uploads\/2025\/02\/StainsStories_Sweat-cactus-01.jpg","contentUrl":"https:\/\/www.nuageconceptstore.ch\/wp-content\/uploads\/2025\/02\/StainsStories_Sweat-cactus-01.jpg","width":1000,"height":1000},{"@type":"BreadcrumbList","@id":"https:\/\/www.nuageconceptstore.ch\/en\/produit\/cactus-sweatshirt\/#breadcrumb","itemListElement":[{"@type":"ListItem","position":1,"name":"Welcome","item":"https:\/\/www.nuageconceptstore.ch\/en\/home-01\/"},{"@type":"ListItem","position":2,"name":"Products","item":"https:\/\/www.nuageconceptstore.ch\/en\/shop\/"},{"@type":"ListItem","position":3,"name":"Cactus Sweatshirt"}]},{"@type":"WebSite","@id":"https:\/\/www.nuageconceptstore.ch\/en\/#website","url":"https:\/\/www.nuageconceptstore.ch\/en\/","name":"Nuage Concept Store","description":"The Concept store for children","publisher":{"@id":"https:\/\/www.nuageconceptstore.ch\/en\/#organization"},"potentialAction":[{"@type":"SearchAction","target":{"@type":"EntryPoint","urlTemplate":"https:\/\/www.nuageconceptstore.ch\/en\/?s={search_term_string}"},"query-input":{"@type":"PropertyValueSpecification","valueRequired":true,"valueName":"search_term_string"}}],"inLanguage":"en-US"},{"@type":"Organization","@id":"https:\/\/www.nuageconceptstore.ch\/en\/#organization","name":"Nuage Concept Store","url":"https:\/\/www.nuageconceptstore.ch\/en\/","logo":{"@type":"ImageObject","inLanguage":"en-US","@id":"https:\/\/www.nuageconceptstore.ch\/en\/#\/schema\/logo\/image\/","url":"https:\/\/nuagelausanne.ch\/wp-content\/uploads\/2022\/02\/cropped-LOGO_2022_SANS_ETOILE-e1643927377685.png","contentUrl":"https:\/\/nuagelausanne.ch\/wp-content\/uploads\/2022\/02\/cropped-LOGO_2022_SANS_ETOILE-e1643927377685.png","width":512,"height":512,"caption":"Nuage Concept Store"},"image":{"@id":"https:\/\/www.nuageconceptstore.ch\/en\/#\/schema\/logo\/image\/"},"sameAs":["https:\/\/www.facebook.com\/nuagelausanne","https:\/\/www.instagram.com\/nuagelausanne"]}]}},"_links":{"self":[{"href":"https:\/\/www.nuageconceptstore.ch\/en\/wp-json\/wp\/v2\/product\/146796","targetHints":{"allow":["GET"]}}],"collection":[{"href":"https:\/\/www.nuageconceptstore.ch\/en\/wp-json\/wp\/v2\/product"}],"about":[{"href":"https:\/\/www.nuageconceptstore.ch\/en\/wp-json\/wp\/v2\/types\/product"}],"replies":[{"embeddable":true,"href":"https:\/\/www.nuageconceptstore.ch\/en\/wp-json\/wp\/v2\/comments?post=146796"}],"version-history":[{"count":0,"href":"https:\/\/www.nuageconceptstore.ch\/en\/wp-json\/wp\/v2\/product\/146796\/revisions"}],"wp:featuredmedia":[{"embeddable":true,"href":"https:\/\/www.nuageconceptstore.ch\/en\/wp-json\/wp\/v2\/media\/146787"}],"wp:attachment":[{"href":"https:\/\/www.nuageconceptstore.ch\/en\/wp-json\/wp\/v2\/media?parent=146796"}],"wp:term":[{"taxonomy":"product_brand","embeddable":true,"href":"https:\/\/www.nuageconceptstore.ch\/en\/wp-json\/wp\/v2\/product_brand?post=146796"},{"taxonomy":"product_cat","embeddable":true,"href":"https:\/\/www.nuageconceptstore.ch\/en\/wp-json\/wp\/v2\/product_cat?post=146796"},{"taxonomy":"product_tag","embeddable":true,"href":"https:\/\/www.nuageconceptstore.ch\/en\/wp-json\/wp\/v2\/product_tag?post=146796"}],"curies":[{"name":"wp","href":"https:\/\/api.w.org\/{rel}","templated":true}]}}