{"id":146842,"date":"2025-02-14T19:45:11","date_gmt":"2025-02-16T15:12:47","guid":{"rendered":"https:\/\/www.nuageconceptstore.ch\/?post_type=product&p=146842"},"modified":"2025-02-16T16:12:47","modified_gmt":"2025-02-16T15:12:47","slug":"plain-t-shirt","status":"publish","type":"product","link":"https:\/\/www.nuageconceptstore.ch\/en\/produit\/plain-t-shirt\/","title":{"rendered":"Plain T-shirt"},"content":{"rendered":"","protected":false},"excerpt":{"rendered":"<p>Stains &amp; Stories is an original, cool and sustainable clothing brand with an extensive collection of children&#8217;s clothing designed by a passionate team.<\/p>\n<p id=\"tw-target-text\" class=\"tw-data-text tw-text-large tw-ta\" dir=\"ltr\" data-placeholder=\"Traduction\" data-ved=\"2ahUKEwiKrKOU24uLAxVE9bsIHa4INHIQ3ewLegQIARAW\" aria-label=\"Texte traduit : Jouer dehors pendant des heures, faire du v\u00e9lo, se d\u00e9fouler ou faire du bricolage : votre fils ou votre fille n'aime probablement rien de plus que d'\u00eatre occup\u00e9 toute la journ\u00e9e. Peindre \u00e0 l'int\u00e9rieur \u00e0 table et faire un merveilleux d\u00e9sordre ou construire des cabanes \u00e0 l'ext\u00e9rieur et jouer sous la pluie - il y a tellement de choses \u00e0 faire, \u00e0 d\u00e9couvrir et \u00e0 se salir. En fin de compte, il y a de fortes chances que ses v\u00eatements soient couverts de taches qui racontent toutes leur propre histoire. Dans ces situations, il est bon de savoir que votre enfant porte des v\u00eatements parfaitement ajust\u00e9s et fabriqu\u00e9s dans un mat\u00e9riau durable de haute qualit\u00e9 qui gardera son aspect neuf apr\u00e8s chaque lavage. Stains &amp; Stories fabrique des v\u00eatements adapt\u00e9s \u00e0 la vie aventureuse de votre fils ou de votre fille. Un peu espi\u00e8gle, ludique et r\u00e9sistant, et d\u00e9clin\u00e9 dans des designs tendances et des couleurs cool, il leur donnera envie de partir \u00e0 l'aventure au quotidien ! Vous serez heureux de savoir que chaque pull, t-shirt, pantalon ou veste est fabriqu\u00e9 en coton avec le label de qualit\u00e9 BCI (Better Cotton Initiative), un label utilis\u00e9 pour le coton cultiv\u00e9 de mani\u00e8re durable. La superbe collection de v\u00eatements Stains &amp; Stories est disponible dans les tailles 80 \u00e0 140, elle est merveilleusement douce et confortable, un peu d\u00e9cal\u00e9e et sp\u00e9cifiquement destin\u00e9e aux aventuriers \u00e2g\u00e9s de 1 \u00e0 10 ans. Vous pouvez combiner \u00e0 l'infini nos v\u00eatements dans des couleurs gaies et amusantes. et des designs sympas. M\u00e9langez et associez autant que vous le souhaitez, pour que votre petit grand aventurier puisse explorer le monde au quotidien avec un sourire malicieux.\"><span class=\"Y2IQFc\" lang=\"fr\">The t-shirt is made of high-quality cotton that will keep looking like new after every wash. Stains &amp; Stories makes clothes suitable for your son or daughter&#8217;s adventurous life.   <\/span><\/p>\n<ul>\n<li dir=\"ltr\" data-placeholder=\"Traduction\" data-ved=\"2ahUKEwiKrKOU24uLAxVE9bsIHa4INHIQ3ewLegQIARAW\" aria-label=\"Texte traduit : Jouer dehors pendant des heures, faire du v\u00e9lo, se d\u00e9fouler ou faire du bricolage : votre fils ou votre fille n'aime probablement rien de plus que d'\u00eatre occup\u00e9 toute la journ\u00e9e. Peindre \u00e0 l'int\u00e9rieur \u00e0 table et faire un merveilleux d\u00e9sordre ou construire des cabanes \u00e0 l'ext\u00e9rieur et jouer sous la pluie - il y a tellement de choses \u00e0 faire, \u00e0 d\u00e9couvrir et \u00e0 se salir. En fin de compte, il y a de fortes chances que ses v\u00eatements soient couverts de taches qui racontent toutes leur propre histoire. Dans ces situations, il est bon de savoir que votre enfant porte des v\u00eatements parfaitement ajust\u00e9s et fabriqu\u00e9s dans un mat\u00e9riau durable de haute qualit\u00e9 qui gardera son aspect neuf apr\u00e8s chaque lavage. Stains &amp; Stories fabrique des v\u00eatements adapt\u00e9s \u00e0 la vie aventureuse de votre fils ou de votre fille. Un peu espi\u00e8gle, ludique et r\u00e9sistant, et d\u00e9clin\u00e9 dans des designs tendances et des couleurs cool, il leur donnera envie de partir \u00e0 l'aventure au quotidien ! Vous serez heureux de savoir que chaque pull, t-shirt, pantalon ou veste est fabriqu\u00e9 en coton avec le label de qualit\u00e9 BCI (Better Cotton Initiative), un label utilis\u00e9 pour le coton cultiv\u00e9 de mani\u00e8re durable. La superbe collection de v\u00eatements Stains &amp; Stories est disponible dans les tailles 80 \u00e0 140, elle est merveilleusement douce et confortable, un peu d\u00e9cal\u00e9e et sp\u00e9cifiquement destin\u00e9e aux aventuriers \u00e2g\u00e9s de 1 \u00e0 10 ans. Vous pouvez combiner \u00e0 l'infini nos v\u00eatements dans des couleurs gaies et amusantes. et des designs sympas. M\u00e9langez et associez autant que vous le souhaitez, pour que votre petit grand aventurier puisse explorer le monde au quotidien avec un sourire malicieux.\">Composition: 95% BCI Baumwolle Cotton, 5% Elasthan<\/li>\n<\/ul>\n","protected":false},"featured_media":146838,"comment_status":"open","ping_status":"closed","template":"elementor_theme","meta":{"site-sidebar-layout":"default","site-content-layout":"","ast-site-content-layout":"default","site-content-style":"default","site-sidebar-style":"default","ast-global-header-display":"","ast-banner-title-visibility":"","ast-main-header-display":"","ast-hfb-above-header-display":"","ast-hfb-below-header-display":"","ast-hfb-mobile-header-display":"","site-post-title":"","ast-breadcrumbs-content":"","ast-featured-img":"","footer-sml-layout":"","ast-disable-related-posts":"","theme-transparent-header-meta":"","adv-header-id-meta":"","stick-header-meta":"","header-above-stick-meta":"","header-main-stick-meta":"","header-below-stick-meta":"","astra-migrate-meta-layouts":"default","ast-page-background-enabled":"default","ast-page-background-meta":{"desktop":{"background-color":"var(--ast-global-color-5)","background-image":"","background-repeat":"repeat","background-position":"center center","background-size":"auto","background-attachment":"scroll","background-type":"","background-media":"","overlay-type":"","overlay-color":"","overlay-opacity":"","overlay-gradient":""},"tablet":{"background-color":"","background-image":"","background-repeat":"repeat","background-position":"center center","background-size":"auto","background-attachment":"scroll","background-type":"","background-media":"","overlay-type":"","overlay-color":"","overlay-opacity":"","overlay-gradient":""},"mobile":{"background-color":"","background-image":"","background-repeat":"repeat","background-position":"center center","background-size":"auto","background-attachment":"scroll","background-type":"","background-media":"","overlay-type":"","overlay-color":"","overlay-opacity":"","overlay-gradient":""}},"ast-content-background-meta":{"desktop":{"background-color":"var(--ast-global-color-4)","background-image":"","background-repeat":"repeat","background-position":"center center","background-size":"auto","background-attachment":"scroll","background-type":"","background-media":"","overlay-type":"","overlay-color":"","overlay-opacity":"","overlay-gradient":""},"tablet":{"background-color":"var(--ast-global-color-4)","background-image":"","background-repeat":"repeat","background-position":"center center","background-size":"auto","background-attachment":"scroll","background-type":"","background-media":"","overlay-type":"","overlay-color":"","overlay-opacity":"","overlay-gradient":""},"mobile":{"background-color":"var(--ast-global-color-4)","background-image":"","background-repeat":"repeat","background-position":"center center","background-size":"auto","background-attachment":"scroll","background-type":"","background-media":"","overlay-type":"","overlay-color":"","overlay-opacity":"","overlay-gradient":""}}},"product_brand":[],"product_cat":[2182,4138,2265,4056,2286],"product_tag":[],"class_list":{"0":"post-146842","1":"product","2":"type-product","3":"status-publish","4":"has-post-thumbnail","6":"product_cat-brands","7":"product_cat-childrens-clothing","8":"product_cat-kids","9":"product_cat-stains-stories-en","10":"product_cat-t-shirts-shirts-blouses","11":"desktop-align-left","12":"tablet-align-left","13":"mobile-align-left","14":"ast-product-gallery-layout-horizontal-slider","15":"ast-product-single-variable","16":"ast-product-tabs-layout-horizontal","18":"first","19":"instock","20":"taxable","21":"shipping-taxable","22":"purchasable","23":"product-type-variable","24":"has-default-attributes"},"yoast_head":"<!-- This site is optimized with the Yoast SEO plugin v27.4 - https:\/\/yoast.com\/product\/yoast-seo-wordpress\/ -->\n<title>Plain T-shirt - Nuage<\/title>\n<meta name=\"robots\" content=\"index, follow, max-snippet:-1, max-image-preview:large, max-video-preview:-1\" \/>\n<link rel=\"canonical\" href=\"https:\/\/www.nuageconceptstore.ch\/en\/produit\/plain-t-shirt\/\" \/>\n<meta property=\"og:locale\" content=\"en_US\" \/>\n<meta property=\"og:type\" content=\"article\" \/>\n<meta property=\"og:title\" content=\"Plain T-shirt - Nuage\" \/>\n<meta property=\"og:description\" content=\"Stains &amp; Stories is an original, cool and sustainable clothing brand with an extensive collection of children&#039;s clothing designed by a passionate team. The t-shirt is made of high-quality cotton that will keep looking like new after every wash. Stains &amp; Stories makes clothes suitable for your son or daughter&#039;s adventurous life.    Composition: 95% BCI Baumwolle Cotton, 5% Elasthan\" \/>\n<meta property=\"og:url\" content=\"https:\/\/www.nuageconceptstore.ch\/en\/produit\/plain-t-shirt\/\" \/>\n<meta property=\"og:site_name\" content=\"Nuage\" \/>\n<meta property=\"article:publisher\" content=\"https:\/\/www.facebook.com\/nuagelausanne\" \/>\n<meta property=\"og:image\" content=\"https:\/\/www.nuageconceptstore.ch\/wp-content\/uploads\/2025\/02\/StainsStories_T-shirt-uni-01.jpg\" \/>\n\t<meta property=\"og:image:width\" content=\"1000\" \/>\n\t<meta property=\"og:image:height\" content=\"1000\" \/>\n\t<meta property=\"og:image:type\" content=\"image\/jpeg\" \/>\n<meta name=\"twitter:card\" content=\"summary_large_image\" \/>\n<script type=\"application\/ld+json\" class=\"yoast-schema-graph\">{\"@context\":\"https:\\\/\\\/schema.org\",\"@graph\":[{\"@type\":\"WebPage\",\"@id\":\"https:\\\/\\\/www.nuageconceptstore.ch\\\/en\\\/produit\\\/plain-t-shirt\\\/\",\"url\":\"https:\\\/\\\/www.nuageconceptstore.ch\\\/en\\\/produit\\\/plain-t-shirt\\\/\",\"name\":\"Plain T-shirt - Nuage\",\"isPartOf\":{\"@id\":\"https:\\\/\\\/www.nuageconceptstore.ch\\\/en\\\/#website\"},\"primaryImageOfPage\":{\"@id\":\"https:\\\/\\\/www.nuageconceptstore.ch\\\/en\\\/produit\\\/plain-t-shirt\\\/#primaryimage\"},\"image\":{\"@id\":\"https:\\\/\\\/www.nuageconceptstore.ch\\\/en\\\/produit\\\/plain-t-shirt\\\/#primaryimage\"},\"thumbnailUrl\":\"https:\\\/\\\/www.nuageconceptstore.ch\\\/wp-content\\\/uploads\\\/2025\\\/02\\\/StainsStories_T-shirt-uni-01.jpg\",\"datePublished\":\"2025-02-16T15:12:47+00:00\",\"breadcrumb\":{\"@id\":\"https:\\\/\\\/www.nuageconceptstore.ch\\\/en\\\/produit\\\/plain-t-shirt\\\/#breadcrumb\"},\"inLanguage\":\"en-US\",\"potentialAction\":[{\"@type\":\"ReadAction\",\"target\":[\"https:\\\/\\\/www.nuageconceptstore.ch\\\/en\\\/produit\\\/plain-t-shirt\\\/\"]}]},{\"@type\":\"ImageObject\",\"inLanguage\":\"en-US\",\"@id\":\"https:\\\/\\\/www.nuageconceptstore.ch\\\/en\\\/produit\\\/plain-t-shirt\\\/#primaryimage\",\"url\":\"https:\\\/\\\/www.nuageconceptstore.ch\\\/wp-content\\\/uploads\\\/2025\\\/02\\\/StainsStories_T-shirt-uni-01.jpg\",\"contentUrl\":\"https:\\\/\\\/www.nuageconceptstore.ch\\\/wp-content\\\/uploads\\\/2025\\\/02\\\/StainsStories_T-shirt-uni-01.jpg\",\"width\":1000,\"height\":1000},{\"@type\":\"BreadcrumbList\",\"@id\":\"https:\\\/\\\/www.nuageconceptstore.ch\\\/en\\\/produit\\\/plain-t-shirt\\\/#breadcrumb\",\"itemListElement\":[{\"@type\":\"ListItem\",\"position\":1,\"name\":\"Welcome\",\"item\":\"https:\\\/\\\/www.nuageconceptstore.ch\\\/en\\\/home-01\\\/\"},{\"@type\":\"ListItem\",\"position\":2,\"name\":\"Products\",\"item\":\"https:\\\/\\\/www.nuageconceptstore.ch\\\/en\\\/shop\\\/\"},{\"@type\":\"ListItem\",\"position\":3,\"name\":\"Plain T-shirt\"}]},{\"@type\":\"WebSite\",\"@id\":\"https:\\\/\\\/www.nuageconceptstore.ch\\\/en\\\/#website\",\"url\":\"https:\\\/\\\/www.nuageconceptstore.ch\\\/en\\\/\",\"name\":\"Nuage Concept Store\",\"description\":\"The Concept store for children\",\"publisher\":{\"@id\":\"https:\\\/\\\/www.nuageconceptstore.ch\\\/en\\\/#organization\"},\"potentialAction\":[{\"@type\":\"SearchAction\",\"target\":{\"@type\":\"EntryPoint\",\"urlTemplate\":\"https:\\\/\\\/www.nuageconceptstore.ch\\\/en\\\/?s={search_term_string}\"},\"query-input\":{\"@type\":\"PropertyValueSpecification\",\"valueRequired\":true,\"valueName\":\"search_term_string\"}}],\"inLanguage\":\"en-US\"},{\"@type\":\"Organization\",\"@id\":\"https:\\\/\\\/www.nuageconceptstore.ch\\\/en\\\/#organization\",\"name\":\"Nuage Concept Store\",\"url\":\"https:\\\/\\\/www.nuageconceptstore.ch\\\/en\\\/\",\"logo\":{\"@type\":\"ImageObject\",\"inLanguage\":\"en-US\",\"@id\":\"https:\\\/\\\/www.nuageconceptstore.ch\\\/en\\\/#\\\/schema\\\/logo\\\/image\\\/\",\"url\":\"https:\\\/\\\/nuagelausanne.ch\\\/wp-content\\\/uploads\\\/2022\\\/02\\\/cropped-LOGO_2022_SANS_ETOILE-e1643927377685.png\",\"contentUrl\":\"https:\\\/\\\/nuagelausanne.ch\\\/wp-content\\\/uploads\\\/2022\\\/02\\\/cropped-LOGO_2022_SANS_ETOILE-e1643927377685.png\",\"width\":512,\"height\":512,\"caption\":\"Nuage Concept Store\"},\"image\":{\"@id\":\"https:\\\/\\\/www.nuageconceptstore.ch\\\/en\\\/#\\\/schema\\\/logo\\\/image\\\/\"},\"sameAs\":[\"https:\\\/\\\/www.facebook.com\\\/nuagelausanne\",\"https:\\\/\\\/www.instagram.com\\\/nuagelausanne\"]}]}<\/script>\n<!-- \/ Yoast SEO plugin. -->","yoast_head_json":{"title":"Plain T-shirt - Nuage","robots":{"index":"index","follow":"follow","max-snippet":"max-snippet:-1","max-image-preview":"max-image-preview:large","max-video-preview":"max-video-preview:-1"},"canonical":"https:\/\/www.nuageconceptstore.ch\/en\/produit\/plain-t-shirt\/","og_locale":"en_US","og_type":"article","og_title":"Plain T-shirt - Nuage","og_description":"Stains &amp; Stories is an original, cool and sustainable clothing brand with an extensive collection of children's clothing designed by a passionate team. The t-shirt is made of high-quality cotton that will keep looking like new after every wash. Stains &amp; Stories makes clothes suitable for your son or daughter's adventurous life.    Composition: 95% BCI Baumwolle Cotton, 5% Elasthan","og_url":"https:\/\/www.nuageconceptstore.ch\/en\/produit\/plain-t-shirt\/","og_site_name":"Nuage","article_publisher":"https:\/\/www.facebook.com\/nuagelausanne","og_image":[{"width":1000,"height":1000,"url":"https:\/\/www.nuageconceptstore.ch\/wp-content\/uploads\/2025\/02\/StainsStories_T-shirt-uni-01.jpg","type":"image\/jpeg"}],"twitter_card":"summary_large_image","schema":{"@context":"https:\/\/schema.org","@graph":[{"@type":"WebPage","@id":"https:\/\/www.nuageconceptstore.ch\/en\/produit\/plain-t-shirt\/","url":"https:\/\/www.nuageconceptstore.ch\/en\/produit\/plain-t-shirt\/","name":"Plain T-shirt - Nuage","isPartOf":{"@id":"https:\/\/www.nuageconceptstore.ch\/en\/#website"},"primaryImageOfPage":{"@id":"https:\/\/www.nuageconceptstore.ch\/en\/produit\/plain-t-shirt\/#primaryimage"},"image":{"@id":"https:\/\/www.nuageconceptstore.ch\/en\/produit\/plain-t-shirt\/#primaryimage"},"thumbnailUrl":"https:\/\/www.nuageconceptstore.ch\/wp-content\/uploads\/2025\/02\/StainsStories_T-shirt-uni-01.jpg","datePublished":"2025-02-16T15:12:47+00:00","breadcrumb":{"@id":"https:\/\/www.nuageconceptstore.ch\/en\/produit\/plain-t-shirt\/#breadcrumb"},"inLanguage":"en-US","potentialAction":[{"@type":"ReadAction","target":["https:\/\/www.nuageconceptstore.ch\/en\/produit\/plain-t-shirt\/"]}]},{"@type":"ImageObject","inLanguage":"en-US","@id":"https:\/\/www.nuageconceptstore.ch\/en\/produit\/plain-t-shirt\/#primaryimage","url":"https:\/\/www.nuageconceptstore.ch\/wp-content\/uploads\/2025\/02\/StainsStories_T-shirt-uni-01.jpg","contentUrl":"https:\/\/www.nuageconceptstore.ch\/wp-content\/uploads\/2025\/02\/StainsStories_T-shirt-uni-01.jpg","width":1000,"height":1000},{"@type":"BreadcrumbList","@id":"https:\/\/www.nuageconceptstore.ch\/en\/produit\/plain-t-shirt\/#breadcrumb","itemListElement":[{"@type":"ListItem","position":1,"name":"Welcome","item":"https:\/\/www.nuageconceptstore.ch\/en\/home-01\/"},{"@type":"ListItem","position":2,"name":"Products","item":"https:\/\/www.nuageconceptstore.ch\/en\/shop\/"},{"@type":"ListItem","position":3,"name":"Plain T-shirt"}]},{"@type":"WebSite","@id":"https:\/\/www.nuageconceptstore.ch\/en\/#website","url":"https:\/\/www.nuageconceptstore.ch\/en\/","name":"Nuage Concept Store","description":"The Concept store for children","publisher":{"@id":"https:\/\/www.nuageconceptstore.ch\/en\/#organization"},"potentialAction":[{"@type":"SearchAction","target":{"@type":"EntryPoint","urlTemplate":"https:\/\/www.nuageconceptstore.ch\/en\/?s={search_term_string}"},"query-input":{"@type":"PropertyValueSpecification","valueRequired":true,"valueName":"search_term_string"}}],"inLanguage":"en-US"},{"@type":"Organization","@id":"https:\/\/www.nuageconceptstore.ch\/en\/#organization","name":"Nuage Concept Store","url":"https:\/\/www.nuageconceptstore.ch\/en\/","logo":{"@type":"ImageObject","inLanguage":"en-US","@id":"https:\/\/www.nuageconceptstore.ch\/en\/#\/schema\/logo\/image\/","url":"https:\/\/nuagelausanne.ch\/wp-content\/uploads\/2022\/02\/cropped-LOGO_2022_SANS_ETOILE-e1643927377685.png","contentUrl":"https:\/\/nuagelausanne.ch\/wp-content\/uploads\/2022\/02\/cropped-LOGO_2022_SANS_ETOILE-e1643927377685.png","width":512,"height":512,"caption":"Nuage Concept Store"},"image":{"@id":"https:\/\/www.nuageconceptstore.ch\/en\/#\/schema\/logo\/image\/"},"sameAs":["https:\/\/www.facebook.com\/nuagelausanne","https:\/\/www.instagram.com\/nuagelausanne"]}]}},"_links":{"self":[{"href":"https:\/\/www.nuageconceptstore.ch\/en\/wp-json\/wp\/v2\/product\/146842","targetHints":{"allow":["GET"]}}],"collection":[{"href":"https:\/\/www.nuageconceptstore.ch\/en\/wp-json\/wp\/v2\/product"}],"about":[{"href":"https:\/\/www.nuageconceptstore.ch\/en\/wp-json\/wp\/v2\/types\/product"}],"replies":[{"embeddable":true,"href":"https:\/\/www.nuageconceptstore.ch\/en\/wp-json\/wp\/v2\/comments?post=146842"}],"version-history":[{"count":0,"href":"https:\/\/www.nuageconceptstore.ch\/en\/wp-json\/wp\/v2\/product\/146842\/revisions"}],"wp:featuredmedia":[{"embeddable":true,"href":"https:\/\/www.nuageconceptstore.ch\/en\/wp-json\/wp\/v2\/media\/146838"}],"wp:attachment":[{"href":"https:\/\/www.nuageconceptstore.ch\/en\/wp-json\/wp\/v2\/media?parent=146842"}],"wp:term":[{"taxonomy":"product_brand","embeddable":true,"href":"https:\/\/www.nuageconceptstore.ch\/en\/wp-json\/wp\/v2\/product_brand?post=146842"},{"taxonomy":"product_cat","embeddable":true,"href":"https:\/\/www.nuageconceptstore.ch\/en\/wp-json\/wp\/v2\/product_cat?post=146842"},{"taxonomy":"product_tag","embeddable":true,"href":"https:\/\/www.nuageconceptstore.ch\/en\/wp-json\/wp\/v2\/product_tag?post=146842"}],"curies":[{"name":"wp","href":"https:\/\/api.w.org\/{rel}","templated":true}]}}