{"id":155106,"date":"2025-04-03T21:50:21","date_gmt":"2025-04-03T19:50:21","guid":{"rendered":"https:\/\/www.nuageconceptstore.ch\/produit\/my-unicorn-sandal\/"},"modified":"2025-05-19T21:46:28","modified_gmt":"2025-05-19T19:46:28","slug":"my-unicorn-sandal","status":"publish","type":"product","link":"https:\/\/www.nuageconceptstore.ch\/en\/produit\/my-unicorn-sandal\/","title":{"rendered":"My Unicorn Sandal"},"content":{"rendered":"<table border=\"0\" width=\"446\" cellspacing=\"0\" cellpadding=\"0\">\n<colgroup>\n<col width=\"133\">\n<col width=\"129\">\n<col width=\"184\"><\/colgroup>\n<tbody>\n<tr>\n<td class=\"xl68\" colspan=\"2\" width=\"262\" height=\"29\">SIZE GUIDE<\/td>\n<td width=\"184\"><\/td>\n<\/tr>\n<tr>\n<td class=\"xl67\" height=\"21\">SIZE EUR<\/td>\n<td class=\"xl67\">AGE<\/td>\n<td class=\"xl67\">LENGTH (CM)<\/td>\n<\/tr>\n<tr>\n<td class=\"xl65\" height=\"21\">Art. 16<\/td>\n<td class=\"xl65\">0-6 months<\/td>\n<td class=\"xl65\">9.7<\/td>\n<\/tr>\n<tr>\n<td class=\"xl65\" height=\"21\">Art. 17<\/td>\n<td class=\"xl65\">0-6 months<\/td>\n<td class=\"xl65\">10.4<\/td>\n<\/tr>\n<tr>\n<td class=\"xl65\" height=\"21\">Art. 18<\/td>\n<td class=\"xl65\">6-12 months<\/td>\n<td class=\"xl65\">Art. 11<\/td>\n<\/tr>\n<tr>\n<td class=\"xl65\" height=\"21\">Art. 19<\/td>\n<td class=\"xl65\">6-12 months<\/td>\n<td class=\"xl65\">11.7<\/td>\n<\/tr>\n<tr>\n<td class=\"xl65\" height=\"21\">20<\/td>\n<td class=\"xl65\">12-18 months<\/td>\n<td class=\"xl65\">12.4<\/td>\n<\/tr>\n<tr>\n<td class=\"xl65\" height=\"21\">Art. 21<\/td>\n<td class=\"xl65\">12-18 months<\/td>\n<td class=\"xl65\">Art. 13<\/td>\n<\/tr>\n<tr>\n<td class=\"xl65\" height=\"21\">Art. 22<\/td>\n<td class=\"xl65\">18-24 months<\/td>\n<td class=\"xl65\">13.7<\/td>\n<\/tr>\n<tr>\n<td class=\"xl65\" height=\"21\">Art. 23<\/td>\n<td class=\"xl65\">18-24 months<\/td>\n<td class=\"xl65\">14.4<\/td>\n<\/tr>\n<tr>\n<td class=\"xl65\" height=\"21\">Art. 24<\/td>\n<td class=\"xl65\">\u2013<\/td>\n<td class=\"xl65\">Art. 15<\/td>\n<\/tr>\n<tr>\n<td class=\"xl65\" height=\"21\">25<\/td>\n<td class=\"xl65\">\u2013<\/td>\n<td class=\"xl65\">15.7<\/td>\n<\/tr>\n<tr>\n<td class=\"xl65\" height=\"21\">Art. 26<\/td>\n<td class=\"xl65\">\u2013<\/td>\n<td class=\"xl65\">16.4<\/td>\n<\/tr>\n<tr>\n<td class=\"xl65\" height=\"21\">27<\/td>\n<td class=\"xl65\">\u2013<\/td>\n<td class=\"xl65\">Art. 17<\/td>\n<\/tr>\n<tr>\n<td class=\"xl65\" height=\"21\">Art. 28<\/td>\n<td class=\"xl65\">\u2013<\/td>\n<td class=\"xl65\">17.7<\/td>\n<\/tr>\n<tr>\n<td class=\"xl65\" height=\"21\">29<\/td>\n<td class=\"xl65\">\u2013<\/td>\n<td class=\"xl65\">18.4<\/td>\n<\/tr>\n<tr>\n<td class=\"xl65\" height=\"21\">30<\/td>\n<td class=\"xl65\">\u2013<\/td>\n<td class=\"xl66\">Art. 19<\/td>\n<\/tr>\n<tr>\n<td class=\"xl65\" height=\"21\">Art. 31<\/td>\n<td class=\"xl65\">\u2013<\/td>\n<td class=\"xl65\">19.7<\/td>\n<\/tr>\n<tr>\n<td class=\"xl65\" height=\"21\">Art. 32<\/td>\n<td class=\"xl65\">\u2013<\/td>\n<td class=\"xl65\">20.4<\/td>\n<\/tr>\n<\/tbody>\n<\/table>\n","protected":false},"excerpt":{"rendered":"<p id=\"tw-target-text\" class=\"tw-data-text tw-text-large tw-ta\" dir=\"ltr\" data-placeholder=\"Traduction\" data-ved=\"2ahUKEwiv1dXwz76MAxVY3AIHHa8JFPMQ3ewLegQICBAV\" aria-label=\"Texte traduit : MA SANDALE LICORNE Or C'est le choix parfait pour les petits aventuriers \u00e0 la recherche de confort et de style. Alliant fonctionnalit\u00e9 et design accrocheur, ces sandales pour enfants offrent une touche de magie avec leur couleur or vif. Id\u00e9ales pour les gar\u00e7ons qui aiment exprimer leur personnalit\u00e9, ces sandales sont con\u00e7ues pour suivre chaque pas avec facilit\u00e9 et s\u00e9curit\u00e9. Leur l\u00e9g\u00e8ret\u00e9 permet une grande libert\u00e9 de mouvement, ce qui les rend parfaits pour les longues journ\u00e9es de jeu. Fabriqu\u00e9 avec des mat\u00e9riaux de haute qualit\u00e9, c'est-\u00e0-dire\"><span class=\"Y2IQFc\" lang=\"fr\">It&#8217;s the perfect choice for little adventurers looking for comfort and style. Combining functionality and eye-catching design, these children&#8217;s sandals offer a touch of magic with their bright gold color. Ideal for girls who like to express their personality, these sandals are designed to follow every step with ease and security.    <\/span><span class=\"Y2IQFc\" lang=\"fr\">Their lightweight design allows for great freedom of movement, making them perfect for long days of gaming.<\/span><\/p>\n<p>COMPOSITION:<\/p>\n<ul>\n<li>Upper: Sheep leather<\/li>\n<li>Lining: Sheep leather<\/li>\n<li>Insole : Sheep leather<\/li>\n<li>Ext. sole :Rubber<\/li>\n<\/ul>\n","protected":false},"featured_media":155077,"comment_status":"open","ping_status":"closed","template":"elementor_theme","meta":{"site-sidebar-layout":"default","site-content-layout":"","ast-site-content-layout":"default","site-content-style":"default","site-sidebar-style":"default","ast-global-header-display":"","ast-banner-title-visibility":"","ast-main-header-display":"","ast-hfb-above-header-display":"","ast-hfb-below-header-display":"","ast-hfb-mobile-header-display":"","site-post-title":"","ast-breadcrumbs-content":"","ast-featured-img":"","footer-sml-layout":"","ast-disable-related-posts":"","theme-transparent-header-meta":"default","adv-header-id-meta":"","stick-header-meta":"default","header-above-stick-meta":"","header-main-stick-meta":"","header-below-stick-meta":"","astra-migrate-meta-layouts":"default","ast-page-background-enabled":"default","ast-page-background-meta":{"desktop":{"background-color":"var(--ast-global-color-5)","background-image":"","background-repeat":"repeat","background-position":"center center","background-size":"auto","background-attachment":"scroll","background-type":"","background-media":"","overlay-type":"","overlay-color":"","overlay-opacity":"","overlay-gradient":""},"tablet":{"background-color":"","background-image":"","background-repeat":"repeat","background-position":"center center","background-size":"auto","background-attachment":"scroll","background-type":"","background-media":"","overlay-type":"","overlay-color":"","overlay-opacity":"","overlay-gradient":""},"mobile":{"background-color":"","background-image":"","background-repeat":"repeat","background-position":"center center","background-size":"auto","background-attachment":"scroll","background-type":"","background-media":"","overlay-type":"","overlay-color":"","overlay-opacity":"","overlay-gradient":""}},"ast-content-background-meta":{"desktop":{"background-color":"var(--ast-global-color-4)","background-image":"","background-repeat":"repeat","background-position":"center center","background-size":"auto","background-attachment":"scroll","background-type":"","background-media":"","overlay-type":"","overlay-color":"","overlay-opacity":"","overlay-gradient":""},"tablet":{"background-color":"var(--ast-global-color-4)","background-image":"","background-repeat":"repeat","background-position":"center center","background-size":"auto","background-attachment":"scroll","background-type":"","background-media":"","overlay-type":"","overlay-color":"","overlay-opacity":"","overlay-gradient":""},"mobile":{"background-color":"var(--ast-global-color-4)","background-image":"","background-repeat":"repeat","background-position":"center center","background-size":"auto","background-attachment":"scroll","background-type":"","background-media":"","overlay-type":"","overlay-color":"","overlay-opacity":"","overlay-gradient":""}}},"product_brand":[],"product_cat":[2222,2251,2182,2330,4081],"product_tag":[4208],"class_list":{"0":"post-155106","1":"product","2":"type-product","3":"status-publish","4":"has-post-thumbnail","6":"product_cat-baby-clothes","7":"product_cat-baby-shoes","8":"product_cat-brands","9":"product_cat-easy-peasy-en","10":"product_cat-sandals","11":"product_tag-summer-shoes","12":"desktop-align-left","13":"tablet-align-left","14":"mobile-align-left","15":"ast-product-gallery-layout-horizontal-slider","16":"ast-product-single-variable","17":"ast-product-tabs-layout-horizontal","19":"first","20":"instock","21":"taxable","22":"shipping-taxable","23":"purchasable","24":"product-type-variable","25":"has-default-attributes"},"yoast_head":"<!-- This site is optimized with the Yoast SEO plugin v27.4 - https:\/\/yoast.com\/product\/yoast-seo-wordpress\/ -->\n<title>My Unicorn Sandal - Nuage<\/title>\n<meta name=\"robots\" content=\"index, follow, max-snippet:-1, max-image-preview:large, max-video-preview:-1\" \/>\n<link rel=\"canonical\" href=\"https:\/\/www.nuageconceptstore.ch\/en\/produit\/my-unicorn-sandal\/\" \/>\n<meta property=\"og:locale\" content=\"en_US\" \/>\n<meta property=\"og:type\" content=\"article\" \/>\n<meta property=\"og:title\" content=\"My Unicorn Sandal - Nuage\" \/>\n<meta property=\"og:description\" content=\"It&#039;s the perfect choice for little adventurers looking for comfort and style. Combining functionality and eye-catching design, these children&#039;s sandals offer a touch of magic with their bright gold color. Ideal for girls who like to express their personality, these sandals are designed to follow every step with ease and security.  Their lightweight design allows for great freedom of movement, making them perfect for long days of gaming. COMPOSITION:  Upper: Sheep leather  Lining: Sheep leather  Insole : Sheep leather  Ext. sole :Rubber\" \/>\n<meta property=\"og:url\" content=\"https:\/\/www.nuageconceptstore.ch\/en\/produit\/my-unicorn-sandal\/\" \/>\n<meta property=\"og:site_name\" content=\"Nuage\" \/>\n<meta property=\"article:publisher\" content=\"https:\/\/www.facebook.com\/nuagelausanne\" \/>\n<meta property=\"article:modified_time\" content=\"2025-05-19T19:46:28+00:00\" \/>\n<meta property=\"og:image\" content=\"https:\/\/www.nuageconceptstore.ch\/wp-content\/uploads\/2025\/04\/EasyPeasy_MY-SANDALETTE-LICORNE-Dore-01.jpg\" \/>\n\t<meta property=\"og:image:width\" content=\"1000\" \/>\n\t<meta property=\"og:image:height\" content=\"1000\" \/>\n\t<meta property=\"og:image:type\" content=\"image\/jpeg\" \/>\n<meta name=\"twitter:card\" content=\"summary_large_image\" \/>\n<script type=\"application\/ld+json\" class=\"yoast-schema-graph\">{\"@context\":\"https:\\\/\\\/schema.org\",\"@graph\":[{\"@type\":\"WebPage\",\"@id\":\"https:\\\/\\\/www.nuageconceptstore.ch\\\/en\\\/produit\\\/my-unicorn-sandal\\\/\",\"url\":\"https:\\\/\\\/www.nuageconceptstore.ch\\\/en\\\/produit\\\/my-unicorn-sandal\\\/\",\"name\":\"My Unicorn Sandal - Nuage\",\"isPartOf\":{\"@id\":\"https:\\\/\\\/www.nuageconceptstore.ch\\\/en\\\/#website\"},\"primaryImageOfPage\":{\"@id\":\"https:\\\/\\\/www.nuageconceptstore.ch\\\/en\\\/produit\\\/my-unicorn-sandal\\\/#primaryimage\"},\"image\":{\"@id\":\"https:\\\/\\\/www.nuageconceptstore.ch\\\/en\\\/produit\\\/my-unicorn-sandal\\\/#primaryimage\"},\"thumbnailUrl\":\"https:\\\/\\\/www.nuageconceptstore.ch\\\/wp-content\\\/uploads\\\/2025\\\/04\\\/EasyPeasy_MY-SANDALETTE-LICORNE-Dore-01.jpg\",\"datePublished\":\"2025-04-03T19:50:21+00:00\",\"dateModified\":\"2025-05-19T19:46:28+00:00\",\"breadcrumb\":{\"@id\":\"https:\\\/\\\/www.nuageconceptstore.ch\\\/en\\\/produit\\\/my-unicorn-sandal\\\/#breadcrumb\"},\"inLanguage\":\"en-US\",\"potentialAction\":[{\"@type\":\"ReadAction\",\"target\":[\"https:\\\/\\\/www.nuageconceptstore.ch\\\/en\\\/produit\\\/my-unicorn-sandal\\\/\"]}]},{\"@type\":\"ImageObject\",\"inLanguage\":\"en-US\",\"@id\":\"https:\\\/\\\/www.nuageconceptstore.ch\\\/en\\\/produit\\\/my-unicorn-sandal\\\/#primaryimage\",\"url\":\"https:\\\/\\\/www.nuageconceptstore.ch\\\/wp-content\\\/uploads\\\/2025\\\/04\\\/EasyPeasy_MY-SANDALETTE-LICORNE-Dore-01.jpg\",\"contentUrl\":\"https:\\\/\\\/www.nuageconceptstore.ch\\\/wp-content\\\/uploads\\\/2025\\\/04\\\/EasyPeasy_MY-SANDALETTE-LICORNE-Dore-01.jpg\",\"width\":1000,\"height\":1000},{\"@type\":\"BreadcrumbList\",\"@id\":\"https:\\\/\\\/www.nuageconceptstore.ch\\\/en\\\/produit\\\/my-unicorn-sandal\\\/#breadcrumb\",\"itemListElement\":[{\"@type\":\"ListItem\",\"position\":1,\"name\":\"Welcome\",\"item\":\"https:\\\/\\\/www.nuageconceptstore.ch\\\/en\\\/home-01\\\/\"},{\"@type\":\"ListItem\",\"position\":2,\"name\":\"Products\",\"item\":\"https:\\\/\\\/www.nuageconceptstore.ch\\\/en\\\/shop\\\/\"},{\"@type\":\"ListItem\",\"position\":3,\"name\":\"My Unicorn Sandal\"}]},{\"@type\":\"WebSite\",\"@id\":\"https:\\\/\\\/www.nuageconceptstore.ch\\\/en\\\/#website\",\"url\":\"https:\\\/\\\/www.nuageconceptstore.ch\\\/en\\\/\",\"name\":\"Nuage Concept Store\",\"description\":\"The Concept store for children\",\"publisher\":{\"@id\":\"https:\\\/\\\/www.nuageconceptstore.ch\\\/en\\\/#organization\"},\"potentialAction\":[{\"@type\":\"SearchAction\",\"target\":{\"@type\":\"EntryPoint\",\"urlTemplate\":\"https:\\\/\\\/www.nuageconceptstore.ch\\\/en\\\/?s={search_term_string}\"},\"query-input\":{\"@type\":\"PropertyValueSpecification\",\"valueRequired\":true,\"valueName\":\"search_term_string\"}}],\"inLanguage\":\"en-US\"},{\"@type\":\"Organization\",\"@id\":\"https:\\\/\\\/www.nuageconceptstore.ch\\\/en\\\/#organization\",\"name\":\"Nuage Concept Store\",\"url\":\"https:\\\/\\\/www.nuageconceptstore.ch\\\/en\\\/\",\"logo\":{\"@type\":\"ImageObject\",\"inLanguage\":\"en-US\",\"@id\":\"https:\\\/\\\/www.nuageconceptstore.ch\\\/en\\\/#\\\/schema\\\/logo\\\/image\\\/\",\"url\":\"https:\\\/\\\/nuagelausanne.ch\\\/wp-content\\\/uploads\\\/2022\\\/02\\\/cropped-LOGO_2022_SANS_ETOILE-e1643927377685.png\",\"contentUrl\":\"https:\\\/\\\/nuagelausanne.ch\\\/wp-content\\\/uploads\\\/2022\\\/02\\\/cropped-LOGO_2022_SANS_ETOILE-e1643927377685.png\",\"width\":512,\"height\":512,\"caption\":\"Nuage Concept Store\"},\"image\":{\"@id\":\"https:\\\/\\\/www.nuageconceptstore.ch\\\/en\\\/#\\\/schema\\\/logo\\\/image\\\/\"},\"sameAs\":[\"https:\\\/\\\/www.facebook.com\\\/nuagelausanne\",\"https:\\\/\\\/www.instagram.com\\\/nuagelausanne\"]}]}<\/script>\n<!-- \/ Yoast SEO plugin. -->","yoast_head_json":{"title":"My Unicorn Sandal - Nuage","robots":{"index":"index","follow":"follow","max-snippet":"max-snippet:-1","max-image-preview":"max-image-preview:large","max-video-preview":"max-video-preview:-1"},"canonical":"https:\/\/www.nuageconceptstore.ch\/en\/produit\/my-unicorn-sandal\/","og_locale":"en_US","og_type":"article","og_title":"My Unicorn Sandal - Nuage","og_description":"It's the perfect choice for little adventurers looking for comfort and style. Combining functionality and eye-catching design, these children's sandals offer a touch of magic with their bright gold color. Ideal for girls who like to express their personality, these sandals are designed to follow every step with ease and security.  Their lightweight design allows for great freedom of movement, making them perfect for long days of gaming. COMPOSITION:  Upper: Sheep leather  Lining: Sheep leather  Insole : Sheep leather  Ext. sole :Rubber","og_url":"https:\/\/www.nuageconceptstore.ch\/en\/produit\/my-unicorn-sandal\/","og_site_name":"Nuage","article_publisher":"https:\/\/www.facebook.com\/nuagelausanne","article_modified_time":"2025-05-19T19:46:28+00:00","og_image":[{"width":1000,"height":1000,"url":"https:\/\/www.nuageconceptstore.ch\/wp-content\/uploads\/2025\/04\/EasyPeasy_MY-SANDALETTE-LICORNE-Dore-01.jpg","type":"image\/jpeg"}],"twitter_card":"summary_large_image","schema":{"@context":"https:\/\/schema.org","@graph":[{"@type":"WebPage","@id":"https:\/\/www.nuageconceptstore.ch\/en\/produit\/my-unicorn-sandal\/","url":"https:\/\/www.nuageconceptstore.ch\/en\/produit\/my-unicorn-sandal\/","name":"My Unicorn Sandal - Nuage","isPartOf":{"@id":"https:\/\/www.nuageconceptstore.ch\/en\/#website"},"primaryImageOfPage":{"@id":"https:\/\/www.nuageconceptstore.ch\/en\/produit\/my-unicorn-sandal\/#primaryimage"},"image":{"@id":"https:\/\/www.nuageconceptstore.ch\/en\/produit\/my-unicorn-sandal\/#primaryimage"},"thumbnailUrl":"https:\/\/www.nuageconceptstore.ch\/wp-content\/uploads\/2025\/04\/EasyPeasy_MY-SANDALETTE-LICORNE-Dore-01.jpg","datePublished":"2025-04-03T19:50:21+00:00","dateModified":"2025-05-19T19:46:28+00:00","breadcrumb":{"@id":"https:\/\/www.nuageconceptstore.ch\/en\/produit\/my-unicorn-sandal\/#breadcrumb"},"inLanguage":"en-US","potentialAction":[{"@type":"ReadAction","target":["https:\/\/www.nuageconceptstore.ch\/en\/produit\/my-unicorn-sandal\/"]}]},{"@type":"ImageObject","inLanguage":"en-US","@id":"https:\/\/www.nuageconceptstore.ch\/en\/produit\/my-unicorn-sandal\/#primaryimage","url":"https:\/\/www.nuageconceptstore.ch\/wp-content\/uploads\/2025\/04\/EasyPeasy_MY-SANDALETTE-LICORNE-Dore-01.jpg","contentUrl":"https:\/\/www.nuageconceptstore.ch\/wp-content\/uploads\/2025\/04\/EasyPeasy_MY-SANDALETTE-LICORNE-Dore-01.jpg","width":1000,"height":1000},{"@type":"BreadcrumbList","@id":"https:\/\/www.nuageconceptstore.ch\/en\/produit\/my-unicorn-sandal\/#breadcrumb","itemListElement":[{"@type":"ListItem","position":1,"name":"Welcome","item":"https:\/\/www.nuageconceptstore.ch\/en\/home-01\/"},{"@type":"ListItem","position":2,"name":"Products","item":"https:\/\/www.nuageconceptstore.ch\/en\/shop\/"},{"@type":"ListItem","position":3,"name":"My Unicorn Sandal"}]},{"@type":"WebSite","@id":"https:\/\/www.nuageconceptstore.ch\/en\/#website","url":"https:\/\/www.nuageconceptstore.ch\/en\/","name":"Nuage Concept Store","description":"The Concept store for children","publisher":{"@id":"https:\/\/www.nuageconceptstore.ch\/en\/#organization"},"potentialAction":[{"@type":"SearchAction","target":{"@type":"EntryPoint","urlTemplate":"https:\/\/www.nuageconceptstore.ch\/en\/?s={search_term_string}"},"query-input":{"@type":"PropertyValueSpecification","valueRequired":true,"valueName":"search_term_string"}}],"inLanguage":"en-US"},{"@type":"Organization","@id":"https:\/\/www.nuageconceptstore.ch\/en\/#organization","name":"Nuage Concept Store","url":"https:\/\/www.nuageconceptstore.ch\/en\/","logo":{"@type":"ImageObject","inLanguage":"en-US","@id":"https:\/\/www.nuageconceptstore.ch\/en\/#\/schema\/logo\/image\/","url":"https:\/\/nuagelausanne.ch\/wp-content\/uploads\/2022\/02\/cropped-LOGO_2022_SANS_ETOILE-e1643927377685.png","contentUrl":"https:\/\/nuagelausanne.ch\/wp-content\/uploads\/2022\/02\/cropped-LOGO_2022_SANS_ETOILE-e1643927377685.png","width":512,"height":512,"caption":"Nuage Concept Store"},"image":{"@id":"https:\/\/www.nuageconceptstore.ch\/en\/#\/schema\/logo\/image\/"},"sameAs":["https:\/\/www.facebook.com\/nuagelausanne","https:\/\/www.instagram.com\/nuagelausanne"]}]}},"_links":{"self":[{"href":"https:\/\/www.nuageconceptstore.ch\/en\/wp-json\/wp\/v2\/product\/155106","targetHints":{"allow":["GET"]}}],"collection":[{"href":"https:\/\/www.nuageconceptstore.ch\/en\/wp-json\/wp\/v2\/product"}],"about":[{"href":"https:\/\/www.nuageconceptstore.ch\/en\/wp-json\/wp\/v2\/types\/product"}],"replies":[{"embeddable":true,"href":"https:\/\/www.nuageconceptstore.ch\/en\/wp-json\/wp\/v2\/comments?post=155106"}],"version-history":[{"count":2,"href":"https:\/\/www.nuageconceptstore.ch\/en\/wp-json\/wp\/v2\/product\/155106\/revisions"}],"predecessor-version":[{"id":159171,"href":"https:\/\/www.nuageconceptstore.ch\/en\/wp-json\/wp\/v2\/product\/155106\/revisions\/159171"}],"wp:featuredmedia":[{"embeddable":true,"href":"https:\/\/www.nuageconceptstore.ch\/en\/wp-json\/wp\/v2\/media\/155077"}],"wp:attachment":[{"href":"https:\/\/www.nuageconceptstore.ch\/en\/wp-json\/wp\/v2\/media?parent=155106"}],"wp:term":[{"taxonomy":"product_brand","embeddable":true,"href":"https:\/\/www.nuageconceptstore.ch\/en\/wp-json\/wp\/v2\/product_brand?post=155106"},{"taxonomy":"product_cat","embeddable":true,"href":"https:\/\/www.nuageconceptstore.ch\/en\/wp-json\/wp\/v2\/product_cat?post=155106"},{"taxonomy":"product_tag","embeddable":true,"href":"https:\/\/www.nuageconceptstore.ch\/en\/wp-json\/wp\/v2\/product_tag?post=155106"}],"curies":[{"name":"wp","href":"https:\/\/api.w.org\/{rel}","templated":true}]}}