{"id":181168,"date":"2026-04-05T19:31:42","date_gmt":"2026-04-05T17:31:42","guid":{"rendered":"https:\/\/www.nuageconceptstore.ch\/produit\/haggi-sunny\/"},"modified":"2026-04-11T16:56:42","modified_gmt":"2026-04-11T14:56:42","slug":"haggi-sunny","status":"publish","type":"product","link":"https:\/\/www.nuageconceptstore.ch\/en\/produit\/haggi-sunny\/","title":{"rendered":"Short Haggi Sunny"},"content":{"rendered":"","protected":false},"excerpt":{"rendered":"<p>Un short joyeux \u00e0 rayures color\u00e9es en coton doux qui donne une dose suppl\u00e9mentaire de bonne humeur \u00e0 chaque journ\u00e9e d&#8217;\u00e9t\u00e9. Pour que rien ne se restreint en jouant, Hust &amp; Claire mise sur un m\u00e9lange de mat\u00e9riaux merveilleusement doux. Le coton de haute qualit\u00e9 permet \u00e0 la peau de respirer, tandis qu&#8217;un trait d&#8217;\u00e9lasthanne garantit que le pantalon participe sans effort \u00e0 chaque partie d&#8217;escalade et de chaque jeu de capture.<\/p>\n<ul>\n<li>Composition: 95 % coton (biologique), 5 % \u00e9lasthanne<\/li>\n<\/ul>\n","protected":false},"featured_media":181475,"comment_status":"open","ping_status":"closed","template":"elementor_theme","meta":{"site-sidebar-layout":"default","site-content-layout":"","ast-site-content-layout":"default","site-content-style":"default","site-sidebar-style":"default","ast-global-header-display":"","ast-banner-title-visibility":"","ast-main-header-display":"","ast-hfb-above-header-display":"","ast-hfb-below-header-display":"","ast-hfb-mobile-header-display":"","site-post-title":"","ast-breadcrumbs-content":"","ast-featured-img":"","footer-sml-layout":"","ast-disable-related-posts":"","theme-transparent-header-meta":"default","adv-header-id-meta":"","stick-header-meta":"default","header-above-stick-meta":"","header-main-stick-meta":"","header-below-stick-meta":"","astra-migrate-meta-layouts":"set","ast-page-background-enabled":"default","ast-page-background-meta":{"desktop":{"background-color":"var(--ast-global-color-5)","background-image":"","background-repeat":"repeat","background-position":"center center","background-size":"auto","background-attachment":"scroll","background-type":"","background-media":"","overlay-type":"","overlay-color":"","overlay-opacity":"","overlay-gradient":""},"tablet":{"background-color":"","background-image":"","background-repeat":"repeat","background-position":"center center","background-size":"auto","background-attachment":"scroll","background-type":"","background-media":"","overlay-type":"","overlay-color":"","overlay-opacity":"","overlay-gradient":""},"mobile":{"background-color":"","background-image":"","background-repeat":"repeat","background-position":"center center","background-size":"auto","background-attachment":"scroll","background-type":"","background-media":"","overlay-type":"","overlay-color":"","overlay-opacity":"","overlay-gradient":""}},"ast-content-background-meta":{"desktop":{"background-color":"var(--ast-global-color-4)","background-image":"","background-repeat":"repeat","background-position":"center center","background-size":"auto","background-attachment":"scroll","background-type":"","background-media":"","overlay-type":"","overlay-color":"","overlay-opacity":"","overlay-gradient":""},"tablet":{"background-color":"var(--ast-global-color-4)","background-image":"","background-repeat":"repeat","background-position":"center center","background-size":"auto","background-attachment":"scroll","background-type":"","background-media":"","overlay-type":"","overlay-color":"","overlay-opacity":"","overlay-gradient":""},"mobile":{"background-color":"var(--ast-global-color-4)","background-image":"","background-repeat":"repeat","background-position":"center center","background-size":"auto","background-attachment":"scroll","background-type":"","background-media":"","overlay-type":"","overlay-color":"","overlay-opacity":"","overlay-gradient":""}}},"product_brand":[],"product_cat":[1794,1077,406,1800,4137],"product_tag":[],"class_list":{"0":"post-181168","1":"product","2":"type-product","3":"status-publish","4":"has-post-thumbnail","6":"product_cat-enfants","7":"product_cat-hust-claire","8":"product_cat-marques","9":"product_cat-bas","10":"product_cat-vetements-enfants","11":"desktop-align-left","12":"tablet-align-left","13":"mobile-align-left","14":"ast-product-gallery-layout-horizontal-slider","15":"ast-product-single-variable","16":"ast-product-tabs-layout-horizontal","18":"first","19":"instock","20":"taxable","21":"shipping-taxable","22":"purchasable","23":"product-type-variable","24":"has-default-attributes"},"yoast_head":"<!-- This site is optimized with the Yoast SEO plugin v27.3 - https:\/\/yoast.com\/product\/yoast-seo-wordpress\/ -->\n<title>Short Haggi Sunny - Nuage<\/title>\n<meta name=\"robots\" content=\"index, follow, max-snippet:-1, max-image-preview:large, max-video-preview:-1\" \/>\n<link rel=\"canonical\" href=\"https:\/\/www.nuageconceptstore.ch\/en\/produit\/haggi-sunny\/\" \/>\n<meta property=\"og:locale\" content=\"en_US\" \/>\n<meta property=\"og:type\" content=\"article\" \/>\n<meta property=\"og:title\" content=\"Short Haggi Sunny - Nuage\" \/>\n<meta property=\"og:description\" content=\"Un short joyeux \u00e0 rayures color\u00e9es en coton doux qui donne une dose suppl\u00e9mentaire de bonne humeur \u00e0 chaque journ\u00e9e d&#039;\u00e9t\u00e9. Pour que rien ne se restreint en jouant, Hust &amp; Claire mise sur un m\u00e9lange de mat\u00e9riaux merveilleusement doux. Le coton de haute qualit\u00e9 permet \u00e0 la peau de respirer, tandis qu&#039;un trait d&#039;\u00e9lasthanne garantit que le pantalon participe sans effort \u00e0 chaque partie d&#039;escalade et de chaque jeu de capture.   Composition: 95 % coton (biologique), 5 % \u00e9lasthanne\" \/>\n<meta property=\"og:url\" content=\"https:\/\/www.nuageconceptstore.ch\/en\/produit\/haggi-sunny\/\" \/>\n<meta property=\"og:site_name\" content=\"Nuage\" \/>\n<meta property=\"article:publisher\" content=\"https:\/\/www.facebook.com\/nuagelausanne\" \/>\n<meta property=\"article:modified_time\" content=\"2026-04-11T14:56:42+00:00\" \/>\n<meta property=\"og:image\" content=\"https:\/\/www.nuageconceptstore.ch\/wp-content\/uploads\/2026\/04\/HustClaire_Short-Haggy-Sunny-01.jpg\" \/>\n\t<meta property=\"og:image:width\" content=\"1000\" \/>\n\t<meta property=\"og:image:height\" content=\"1000\" \/>\n\t<meta property=\"og:image:type\" content=\"image\/jpeg\" \/>\n<meta name=\"twitter:card\" content=\"summary_large_image\" \/>\n<meta name=\"twitter:label1\" content=\"Est. reading time\" \/>\n\t<meta name=\"twitter:data1\" content=\"1 minute\" \/>\n<script type=\"application\/ld+json\" class=\"yoast-schema-graph\">{\"@context\":\"https:\\\/\\\/schema.org\",\"@graph\":[{\"@type\":\"WebPage\",\"@id\":\"https:\\\/\\\/www.nuageconceptstore.ch\\\/en\\\/produit\\\/haggi-sunny\\\/\",\"url\":\"https:\\\/\\\/www.nuageconceptstore.ch\\\/en\\\/produit\\\/haggi-sunny\\\/\",\"name\":\"Short Haggi Sunny - Nuage\",\"isPartOf\":{\"@id\":\"https:\\\/\\\/www.nuageconceptstore.ch\\\/en\\\/#website\"},\"primaryImageOfPage\":{\"@id\":\"https:\\\/\\\/www.nuageconceptstore.ch\\\/en\\\/produit\\\/haggi-sunny\\\/#primaryimage\"},\"image\":{\"@id\":\"https:\\\/\\\/www.nuageconceptstore.ch\\\/en\\\/produit\\\/haggi-sunny\\\/#primaryimage\"},\"thumbnailUrl\":\"https:\\\/\\\/www.nuageconceptstore.ch\\\/wp-content\\\/uploads\\\/2026\\\/04\\\/HustClaire_Short-Haggy-Sunny-01.jpg\",\"datePublished\":\"2026-04-05T17:31:42+00:00\",\"dateModified\":\"2026-04-11T14:56:42+00:00\",\"breadcrumb\":{\"@id\":\"https:\\\/\\\/www.nuageconceptstore.ch\\\/en\\\/produit\\\/haggi-sunny\\\/#breadcrumb\"},\"inLanguage\":\"en-US\",\"potentialAction\":[{\"@type\":\"ReadAction\",\"target\":[\"https:\\\/\\\/www.nuageconceptstore.ch\\\/en\\\/produit\\\/haggi-sunny\\\/\"]}]},{\"@type\":\"ImageObject\",\"inLanguage\":\"en-US\",\"@id\":\"https:\\\/\\\/www.nuageconceptstore.ch\\\/en\\\/produit\\\/haggi-sunny\\\/#primaryimage\",\"url\":\"https:\\\/\\\/www.nuageconceptstore.ch\\\/wp-content\\\/uploads\\\/2026\\\/04\\\/HustClaire_Short-Haggy-Sunny-01.jpg\",\"contentUrl\":\"https:\\\/\\\/www.nuageconceptstore.ch\\\/wp-content\\\/uploads\\\/2026\\\/04\\\/HustClaire_Short-Haggy-Sunny-01.jpg\",\"width\":1000,\"height\":1000},{\"@type\":\"BreadcrumbList\",\"@id\":\"https:\\\/\\\/www.nuageconceptstore.ch\\\/en\\\/produit\\\/haggi-sunny\\\/#breadcrumb\",\"itemListElement\":[{\"@type\":\"ListItem\",\"position\":1,\"name\":\"Welcome\",\"item\":\"https:\\\/\\\/www.nuageconceptstore.ch\\\/en\\\/home-01\\\/\"},{\"@type\":\"ListItem\",\"position\":2,\"name\":\"Products\",\"item\":\"https:\\\/\\\/www.nuageconceptstore.ch\\\/en\\\/shop\\\/\"},{\"@type\":\"ListItem\",\"position\":3,\"name\":\"Short Haggi Sunny\"}]},{\"@type\":\"WebSite\",\"@id\":\"https:\\\/\\\/www.nuageconceptstore.ch\\\/en\\\/#website\",\"url\":\"https:\\\/\\\/www.nuageconceptstore.ch\\\/en\\\/\",\"name\":\"Nuage Concept Store\",\"description\":\"The Concept store for children\",\"publisher\":{\"@id\":\"https:\\\/\\\/www.nuageconceptstore.ch\\\/en\\\/#organization\"},\"potentialAction\":[{\"@type\":\"SearchAction\",\"target\":{\"@type\":\"EntryPoint\",\"urlTemplate\":\"https:\\\/\\\/www.nuageconceptstore.ch\\\/en\\\/?s={search_term_string}\"},\"query-input\":{\"@type\":\"PropertyValueSpecification\",\"valueRequired\":true,\"valueName\":\"search_term_string\"}}],\"inLanguage\":\"en-US\"},{\"@type\":\"Organization\",\"@id\":\"https:\\\/\\\/www.nuageconceptstore.ch\\\/en\\\/#organization\",\"name\":\"Nuage Concept Store\",\"url\":\"https:\\\/\\\/www.nuageconceptstore.ch\\\/en\\\/\",\"logo\":{\"@type\":\"ImageObject\",\"inLanguage\":\"en-US\",\"@id\":\"https:\\\/\\\/www.nuageconceptstore.ch\\\/en\\\/#\\\/schema\\\/logo\\\/image\\\/\",\"url\":\"https:\\\/\\\/nuagelausanne.ch\\\/wp-content\\\/uploads\\\/2022\\\/02\\\/cropped-LOGO_2022_SANS_ETOILE-e1643927377685.png\",\"contentUrl\":\"https:\\\/\\\/nuagelausanne.ch\\\/wp-content\\\/uploads\\\/2022\\\/02\\\/cropped-LOGO_2022_SANS_ETOILE-e1643927377685.png\",\"width\":512,\"height\":512,\"caption\":\"Nuage Concept Store\"},\"image\":{\"@id\":\"https:\\\/\\\/www.nuageconceptstore.ch\\\/en\\\/#\\\/schema\\\/logo\\\/image\\\/\"},\"sameAs\":[\"https:\\\/\\\/www.facebook.com\\\/nuagelausanne\",\"https:\\\/\\\/www.instagram.com\\\/nuagelausanne\"]}]}<\/script>\n<!-- \/ Yoast SEO plugin. -->","yoast_head_json":{"title":"Short Haggi Sunny - Nuage","robots":{"index":"index","follow":"follow","max-snippet":"max-snippet:-1","max-image-preview":"max-image-preview:large","max-video-preview":"max-video-preview:-1"},"canonical":"https:\/\/www.nuageconceptstore.ch\/en\/produit\/haggi-sunny\/","og_locale":"en_US","og_type":"article","og_title":"Short Haggi Sunny - Nuage","og_description":"Un short joyeux \u00e0 rayures color\u00e9es en coton doux qui donne une dose suppl\u00e9mentaire de bonne humeur \u00e0 chaque journ\u00e9e d'\u00e9t\u00e9. Pour que rien ne se restreint en jouant, Hust &amp; Claire mise sur un m\u00e9lange de mat\u00e9riaux merveilleusement doux. Le coton de haute qualit\u00e9 permet \u00e0 la peau de respirer, tandis qu'un trait d'\u00e9lasthanne garantit que le pantalon participe sans effort \u00e0 chaque partie d'escalade et de chaque jeu de capture.   Composition: 95 % coton (biologique), 5 % \u00e9lasthanne","og_url":"https:\/\/www.nuageconceptstore.ch\/en\/produit\/haggi-sunny\/","og_site_name":"Nuage","article_publisher":"https:\/\/www.facebook.com\/nuagelausanne","article_modified_time":"2026-04-11T14:56:42+00:00","og_image":[{"width":1000,"height":1000,"url":"https:\/\/www.nuageconceptstore.ch\/wp-content\/uploads\/2026\/04\/HustClaire_Short-Haggy-Sunny-01.jpg","type":"image\/jpeg"}],"twitter_card":"summary_large_image","twitter_misc":{"Est. reading time":"1 minute"},"schema":{"@context":"https:\/\/schema.org","@graph":[{"@type":"WebPage","@id":"https:\/\/www.nuageconceptstore.ch\/en\/produit\/haggi-sunny\/","url":"https:\/\/www.nuageconceptstore.ch\/en\/produit\/haggi-sunny\/","name":"Short Haggi Sunny - Nuage","isPartOf":{"@id":"https:\/\/www.nuageconceptstore.ch\/en\/#website"},"primaryImageOfPage":{"@id":"https:\/\/www.nuageconceptstore.ch\/en\/produit\/haggi-sunny\/#primaryimage"},"image":{"@id":"https:\/\/www.nuageconceptstore.ch\/en\/produit\/haggi-sunny\/#primaryimage"},"thumbnailUrl":"https:\/\/www.nuageconceptstore.ch\/wp-content\/uploads\/2026\/04\/HustClaire_Short-Haggy-Sunny-01.jpg","datePublished":"2026-04-05T17:31:42+00:00","dateModified":"2026-04-11T14:56:42+00:00","breadcrumb":{"@id":"https:\/\/www.nuageconceptstore.ch\/en\/produit\/haggi-sunny\/#breadcrumb"},"inLanguage":"en-US","potentialAction":[{"@type":"ReadAction","target":["https:\/\/www.nuageconceptstore.ch\/en\/produit\/haggi-sunny\/"]}]},{"@type":"ImageObject","inLanguage":"en-US","@id":"https:\/\/www.nuageconceptstore.ch\/en\/produit\/haggi-sunny\/#primaryimage","url":"https:\/\/www.nuageconceptstore.ch\/wp-content\/uploads\/2026\/04\/HustClaire_Short-Haggy-Sunny-01.jpg","contentUrl":"https:\/\/www.nuageconceptstore.ch\/wp-content\/uploads\/2026\/04\/HustClaire_Short-Haggy-Sunny-01.jpg","width":1000,"height":1000},{"@type":"BreadcrumbList","@id":"https:\/\/www.nuageconceptstore.ch\/en\/produit\/haggi-sunny\/#breadcrumb","itemListElement":[{"@type":"ListItem","position":1,"name":"Welcome","item":"https:\/\/www.nuageconceptstore.ch\/en\/home-01\/"},{"@type":"ListItem","position":2,"name":"Products","item":"https:\/\/www.nuageconceptstore.ch\/en\/shop\/"},{"@type":"ListItem","position":3,"name":"Short Haggi Sunny"}]},{"@type":"WebSite","@id":"https:\/\/www.nuageconceptstore.ch\/en\/#website","url":"https:\/\/www.nuageconceptstore.ch\/en\/","name":"Nuage Concept Store","description":"The Concept store for children","publisher":{"@id":"https:\/\/www.nuageconceptstore.ch\/en\/#organization"},"potentialAction":[{"@type":"SearchAction","target":{"@type":"EntryPoint","urlTemplate":"https:\/\/www.nuageconceptstore.ch\/en\/?s={search_term_string}"},"query-input":{"@type":"PropertyValueSpecification","valueRequired":true,"valueName":"search_term_string"}}],"inLanguage":"en-US"},{"@type":"Organization","@id":"https:\/\/www.nuageconceptstore.ch\/en\/#organization","name":"Nuage Concept Store","url":"https:\/\/www.nuageconceptstore.ch\/en\/","logo":{"@type":"ImageObject","inLanguage":"en-US","@id":"https:\/\/www.nuageconceptstore.ch\/en\/#\/schema\/logo\/image\/","url":"https:\/\/nuagelausanne.ch\/wp-content\/uploads\/2022\/02\/cropped-LOGO_2022_SANS_ETOILE-e1643927377685.png","contentUrl":"https:\/\/nuagelausanne.ch\/wp-content\/uploads\/2022\/02\/cropped-LOGO_2022_SANS_ETOILE-e1643927377685.png","width":512,"height":512,"caption":"Nuage Concept Store"},"image":{"@id":"https:\/\/www.nuageconceptstore.ch\/en\/#\/schema\/logo\/image\/"},"sameAs":["https:\/\/www.facebook.com\/nuagelausanne","https:\/\/www.instagram.com\/nuagelausanne"]}]}},"_links":{"self":[{"href":"https:\/\/www.nuageconceptstore.ch\/en\/wp-json\/wp\/v2\/product\/181168","targetHints":{"allow":["GET"]}}],"collection":[{"href":"https:\/\/www.nuageconceptstore.ch\/en\/wp-json\/wp\/v2\/product"}],"about":[{"href":"https:\/\/www.nuageconceptstore.ch\/en\/wp-json\/wp\/v2\/types\/product"}],"replies":[{"embeddable":true,"href":"https:\/\/www.nuageconceptstore.ch\/en\/wp-json\/wp\/v2\/comments?post=181168"}],"version-history":[{"count":3,"href":"https:\/\/www.nuageconceptstore.ch\/en\/wp-json\/wp\/v2\/product\/181168\/revisions"}],"predecessor-version":[{"id":181434,"href":"https:\/\/www.nuageconceptstore.ch\/en\/wp-json\/wp\/v2\/product\/181168\/revisions\/181434"}],"wp:featuredmedia":[{"embeddable":true,"href":"https:\/\/www.nuageconceptstore.ch\/en\/wp-json\/wp\/v2\/media\/181475"}],"wp:attachment":[{"href":"https:\/\/www.nuageconceptstore.ch\/en\/wp-json\/wp\/v2\/media?parent=181168"}],"wp:term":[{"taxonomy":"product_brand","embeddable":true,"href":"https:\/\/www.nuageconceptstore.ch\/en\/wp-json\/wp\/v2\/product_brand?post=181168"},{"taxonomy":"product_cat","embeddable":true,"href":"https:\/\/www.nuageconceptstore.ch\/en\/wp-json\/wp\/v2\/product_cat?post=181168"},{"taxonomy":"product_tag","embeddable":true,"href":"https:\/\/www.nuageconceptstore.ch\/en\/wp-json\/wp\/v2\/product_tag?post=181168"}],"curies":[{"name":"wp","href":"https:\/\/api.w.org\/{rel}","templated":true}]}}