{"id":181186,"date":"2026-04-05T19:39:25","date_gmt":"2026-04-05T17:39:25","guid":{"rendered":"https:\/\/www.nuageconceptstore.ch\/produit\/helena-hello\/"},"modified":"2026-04-11T16:31:29","modified_gmt":"2026-04-11T14:31:29","slug":"helena-hello","status":"publish","type":"product","link":"https:\/\/www.nuageconceptstore.ch\/en\/produit\/helena-hello\/","title":{"rendered":"Short Helena Hello"},"content":{"rendered":"","protected":false},"excerpt":{"rendered":"<p>Ce short \u00e0 rayures color\u00e9es de Hust &amp; Claire accompagne votre fille avec style pendant les journ\u00e9es ensoleill\u00e9es. Un r\u00eave d&#8217;\u00e9t\u00e9 l\u00e9ger et a\u00e9r\u00e9 en coton et en lin. La particularit\u00e9 de ce short en tissu est le merveilleux m\u00e9lange de mat\u00e9riaux. Alors que le coton apporte de la douceur, la teneur en lin apporte une fra\u00eecheur naturelle qui vaut surtout l&#8217;or pendant les journ\u00e9es chaudes.<\/p>\n<ul>\n<li>Composition: 73 % coton, 27 % lin<\/li>\n<\/ul>\n","protected":false},"featured_media":181455,"comment_status":"open","ping_status":"closed","template":"elementor_theme","meta":{"site-sidebar-layout":"default","site-content-layout":"","ast-site-content-layout":"default","site-content-style":"default","site-sidebar-style":"default","ast-global-header-display":"","ast-banner-title-visibility":"","ast-main-header-display":"","ast-hfb-above-header-display":"","ast-hfb-below-header-display":"","ast-hfb-mobile-header-display":"","site-post-title":"","ast-breadcrumbs-content":"","ast-featured-img":"","footer-sml-layout":"","ast-disable-related-posts":"","theme-transparent-header-meta":"default","adv-header-id-meta":"","stick-header-meta":"default","header-above-stick-meta":"","header-main-stick-meta":"","header-below-stick-meta":"","astra-migrate-meta-layouts":"set","ast-page-background-enabled":"default","ast-page-background-meta":{"desktop":{"background-color":"var(--ast-global-color-5)","background-image":"","background-repeat":"repeat","background-position":"center center","background-size":"auto","background-attachment":"scroll","background-type":"","background-media":"","overlay-type":"","overlay-color":"","overlay-opacity":"","overlay-gradient":""},"tablet":{"background-color":"","background-image":"","background-repeat":"repeat","background-position":"center center","background-size":"auto","background-attachment":"scroll","background-type":"","background-media":"","overlay-type":"","overlay-color":"","overlay-opacity":"","overlay-gradient":""},"mobile":{"background-color":"","background-image":"","background-repeat":"repeat","background-position":"center center","background-size":"auto","background-attachment":"scroll","background-type":"","background-media":"","overlay-type":"","overlay-color":"","overlay-opacity":"","overlay-gradient":""}},"ast-content-background-meta":{"desktop":{"background-color":"var(--ast-global-color-4)","background-image":"","background-repeat":"repeat","background-position":"center center","background-size":"auto","background-attachment":"scroll","background-type":"","background-media":"","overlay-type":"","overlay-color":"","overlay-opacity":"","overlay-gradient":""},"tablet":{"background-color":"var(--ast-global-color-4)","background-image":"","background-repeat":"repeat","background-position":"center center","background-size":"auto","background-attachment":"scroll","background-type":"","background-media":"","overlay-type":"","overlay-color":"","overlay-opacity":"","overlay-gradient":""},"mobile":{"background-color":"var(--ast-global-color-4)","background-image":"","background-repeat":"repeat","background-position":"center center","background-size":"auto","background-attachment":"scroll","background-type":"","background-media":"","overlay-type":"","overlay-color":"","overlay-opacity":"","overlay-gradient":""}}},"product_brand":[],"product_cat":[1794,1077,406,1800,4137],"product_tag":[],"class_list":{"0":"post-181186","1":"product","2":"type-product","3":"status-publish","4":"has-post-thumbnail","6":"product_cat-enfants","7":"product_cat-hust-claire","8":"product_cat-marques","9":"product_cat-bas","10":"product_cat-vetements-enfants","11":"desktop-align-left","12":"tablet-align-left","13":"mobile-align-left","14":"ast-product-gallery-layout-horizontal-slider","15":"ast-product-single-variable","16":"ast-product-tabs-layout-horizontal","18":"first","19":"instock","20":"taxable","21":"shipping-taxable","22":"purchasable","23":"product-type-variable","24":"has-default-attributes"},"yoast_head":"<!-- This site is optimized with the Yoast SEO plugin v27.3 - https:\/\/yoast.com\/product\/yoast-seo-wordpress\/ -->\n<title>Short Helena Hello - Nuage<\/title>\n<meta name=\"robots\" content=\"index, follow, max-snippet:-1, max-image-preview:large, max-video-preview:-1\" \/>\n<link rel=\"canonical\" href=\"https:\/\/www.nuageconceptstore.ch\/en\/produit\/helena-hello\/\" \/>\n<meta property=\"og:locale\" content=\"en_US\" \/>\n<meta property=\"og:type\" content=\"article\" \/>\n<meta property=\"og:title\" content=\"Short Helena Hello - Nuage\" \/>\n<meta property=\"og:description\" content=\"Ce short \u00e0 rayures color\u00e9es de Hust &amp; Claire accompagne votre fille avec style pendant les journ\u00e9es ensoleill\u00e9es. Un r\u00eave d&#039;\u00e9t\u00e9 l\u00e9ger et a\u00e9r\u00e9 en coton et en lin. La particularit\u00e9 de ce short en tissu est le merveilleux m\u00e9lange de mat\u00e9riaux. Alors que le coton apporte de la douceur, la teneur en lin apporte une fra\u00eecheur naturelle qui vaut surtout l&#039;or pendant les journ\u00e9es chaudes.   Composition: 73 % coton, 27 % lin\" \/>\n<meta property=\"og:url\" content=\"https:\/\/www.nuageconceptstore.ch\/en\/produit\/helena-hello\/\" \/>\n<meta property=\"og:site_name\" content=\"Nuage\" \/>\n<meta property=\"article:publisher\" content=\"https:\/\/www.facebook.com\/nuagelausanne\" \/>\n<meta property=\"article:modified_time\" content=\"2026-04-11T14:31:29+00:00\" \/>\n<meta property=\"og:image\" content=\"https:\/\/www.nuageconceptstore.ch\/wp-content\/uploads\/2026\/04\/HustClaire_Short-Helena-Hello-01.jpg\" \/>\n\t<meta property=\"og:image:width\" content=\"1000\" \/>\n\t<meta property=\"og:image:height\" content=\"1000\" \/>\n\t<meta property=\"og:image:type\" content=\"image\/jpeg\" \/>\n<meta name=\"twitter:card\" content=\"summary_large_image\" \/>\n<meta name=\"twitter:label1\" content=\"Est. reading time\" \/>\n\t<meta name=\"twitter:data1\" content=\"1 minute\" \/>\n<script type=\"application\/ld+json\" class=\"yoast-schema-graph\">{\"@context\":\"https:\\\/\\\/schema.org\",\"@graph\":[{\"@type\":\"WebPage\",\"@id\":\"https:\\\/\\\/www.nuageconceptstore.ch\\\/en\\\/produit\\\/helena-hello\\\/\",\"url\":\"https:\\\/\\\/www.nuageconceptstore.ch\\\/en\\\/produit\\\/helena-hello\\\/\",\"name\":\"Short Helena Hello - Nuage\",\"isPartOf\":{\"@id\":\"https:\\\/\\\/www.nuageconceptstore.ch\\\/en\\\/#website\"},\"primaryImageOfPage\":{\"@id\":\"https:\\\/\\\/www.nuageconceptstore.ch\\\/en\\\/produit\\\/helena-hello\\\/#primaryimage\"},\"image\":{\"@id\":\"https:\\\/\\\/www.nuageconceptstore.ch\\\/en\\\/produit\\\/helena-hello\\\/#primaryimage\"},\"thumbnailUrl\":\"https:\\\/\\\/www.nuageconceptstore.ch\\\/wp-content\\\/uploads\\\/2026\\\/04\\\/HustClaire_Short-Helena-Hello-01.jpg\",\"datePublished\":\"2026-04-05T17:39:25+00:00\",\"dateModified\":\"2026-04-11T14:31:29+00:00\",\"breadcrumb\":{\"@id\":\"https:\\\/\\\/www.nuageconceptstore.ch\\\/en\\\/produit\\\/helena-hello\\\/#breadcrumb\"},\"inLanguage\":\"en-US\",\"potentialAction\":[{\"@type\":\"ReadAction\",\"target\":[\"https:\\\/\\\/www.nuageconceptstore.ch\\\/en\\\/produit\\\/helena-hello\\\/\"]}]},{\"@type\":\"ImageObject\",\"inLanguage\":\"en-US\",\"@id\":\"https:\\\/\\\/www.nuageconceptstore.ch\\\/en\\\/produit\\\/helena-hello\\\/#primaryimage\",\"url\":\"https:\\\/\\\/www.nuageconceptstore.ch\\\/wp-content\\\/uploads\\\/2026\\\/04\\\/HustClaire_Short-Helena-Hello-01.jpg\",\"contentUrl\":\"https:\\\/\\\/www.nuageconceptstore.ch\\\/wp-content\\\/uploads\\\/2026\\\/04\\\/HustClaire_Short-Helena-Hello-01.jpg\",\"width\":1000,\"height\":1000},{\"@type\":\"BreadcrumbList\",\"@id\":\"https:\\\/\\\/www.nuageconceptstore.ch\\\/en\\\/produit\\\/helena-hello\\\/#breadcrumb\",\"itemListElement\":[{\"@type\":\"ListItem\",\"position\":1,\"name\":\"Welcome\",\"item\":\"https:\\\/\\\/www.nuageconceptstore.ch\\\/en\\\/home-01\\\/\"},{\"@type\":\"ListItem\",\"position\":2,\"name\":\"Products\",\"item\":\"https:\\\/\\\/www.nuageconceptstore.ch\\\/en\\\/shop\\\/\"},{\"@type\":\"ListItem\",\"position\":3,\"name\":\"Short Helena Hello\"}]},{\"@type\":\"WebSite\",\"@id\":\"https:\\\/\\\/www.nuageconceptstore.ch\\\/en\\\/#website\",\"url\":\"https:\\\/\\\/www.nuageconceptstore.ch\\\/en\\\/\",\"name\":\"Nuage Concept Store\",\"description\":\"The Concept store for children\",\"publisher\":{\"@id\":\"https:\\\/\\\/www.nuageconceptstore.ch\\\/en\\\/#organization\"},\"potentialAction\":[{\"@type\":\"SearchAction\",\"target\":{\"@type\":\"EntryPoint\",\"urlTemplate\":\"https:\\\/\\\/www.nuageconceptstore.ch\\\/en\\\/?s={search_term_string}\"},\"query-input\":{\"@type\":\"PropertyValueSpecification\",\"valueRequired\":true,\"valueName\":\"search_term_string\"}}],\"inLanguage\":\"en-US\"},{\"@type\":\"Organization\",\"@id\":\"https:\\\/\\\/www.nuageconceptstore.ch\\\/en\\\/#organization\",\"name\":\"Nuage Concept Store\",\"url\":\"https:\\\/\\\/www.nuageconceptstore.ch\\\/en\\\/\",\"logo\":{\"@type\":\"ImageObject\",\"inLanguage\":\"en-US\",\"@id\":\"https:\\\/\\\/www.nuageconceptstore.ch\\\/en\\\/#\\\/schema\\\/logo\\\/image\\\/\",\"url\":\"https:\\\/\\\/nuagelausanne.ch\\\/wp-content\\\/uploads\\\/2022\\\/02\\\/cropped-LOGO_2022_SANS_ETOILE-e1643927377685.png\",\"contentUrl\":\"https:\\\/\\\/nuagelausanne.ch\\\/wp-content\\\/uploads\\\/2022\\\/02\\\/cropped-LOGO_2022_SANS_ETOILE-e1643927377685.png\",\"width\":512,\"height\":512,\"caption\":\"Nuage Concept Store\"},\"image\":{\"@id\":\"https:\\\/\\\/www.nuageconceptstore.ch\\\/en\\\/#\\\/schema\\\/logo\\\/image\\\/\"},\"sameAs\":[\"https:\\\/\\\/www.facebook.com\\\/nuagelausanne\",\"https:\\\/\\\/www.instagram.com\\\/nuagelausanne\"]}]}<\/script>\n<!-- \/ Yoast SEO plugin. -->","yoast_head_json":{"title":"Short Helena Hello - Nuage","robots":{"index":"index","follow":"follow","max-snippet":"max-snippet:-1","max-image-preview":"max-image-preview:large","max-video-preview":"max-video-preview:-1"},"canonical":"https:\/\/www.nuageconceptstore.ch\/en\/produit\/helena-hello\/","og_locale":"en_US","og_type":"article","og_title":"Short Helena Hello - Nuage","og_description":"Ce short \u00e0 rayures color\u00e9es de Hust &amp; Claire accompagne votre fille avec style pendant les journ\u00e9es ensoleill\u00e9es. Un r\u00eave d'\u00e9t\u00e9 l\u00e9ger et a\u00e9r\u00e9 en coton et en lin. La particularit\u00e9 de ce short en tissu est le merveilleux m\u00e9lange de mat\u00e9riaux. Alors que le coton apporte de la douceur, la teneur en lin apporte une fra\u00eecheur naturelle qui vaut surtout l'or pendant les journ\u00e9es chaudes.   Composition: 73 % coton, 27 % lin","og_url":"https:\/\/www.nuageconceptstore.ch\/en\/produit\/helena-hello\/","og_site_name":"Nuage","article_publisher":"https:\/\/www.facebook.com\/nuagelausanne","article_modified_time":"2026-04-11T14:31:29+00:00","og_image":[{"width":1000,"height":1000,"url":"https:\/\/www.nuageconceptstore.ch\/wp-content\/uploads\/2026\/04\/HustClaire_Short-Helena-Hello-01.jpg","type":"image\/jpeg"}],"twitter_card":"summary_large_image","twitter_misc":{"Est. reading time":"1 minute"},"schema":{"@context":"https:\/\/schema.org","@graph":[{"@type":"WebPage","@id":"https:\/\/www.nuageconceptstore.ch\/en\/produit\/helena-hello\/","url":"https:\/\/www.nuageconceptstore.ch\/en\/produit\/helena-hello\/","name":"Short Helena Hello - Nuage","isPartOf":{"@id":"https:\/\/www.nuageconceptstore.ch\/en\/#website"},"primaryImageOfPage":{"@id":"https:\/\/www.nuageconceptstore.ch\/en\/produit\/helena-hello\/#primaryimage"},"image":{"@id":"https:\/\/www.nuageconceptstore.ch\/en\/produit\/helena-hello\/#primaryimage"},"thumbnailUrl":"https:\/\/www.nuageconceptstore.ch\/wp-content\/uploads\/2026\/04\/HustClaire_Short-Helena-Hello-01.jpg","datePublished":"2026-04-05T17:39:25+00:00","dateModified":"2026-04-11T14:31:29+00:00","breadcrumb":{"@id":"https:\/\/www.nuageconceptstore.ch\/en\/produit\/helena-hello\/#breadcrumb"},"inLanguage":"en-US","potentialAction":[{"@type":"ReadAction","target":["https:\/\/www.nuageconceptstore.ch\/en\/produit\/helena-hello\/"]}]},{"@type":"ImageObject","inLanguage":"en-US","@id":"https:\/\/www.nuageconceptstore.ch\/en\/produit\/helena-hello\/#primaryimage","url":"https:\/\/www.nuageconceptstore.ch\/wp-content\/uploads\/2026\/04\/HustClaire_Short-Helena-Hello-01.jpg","contentUrl":"https:\/\/www.nuageconceptstore.ch\/wp-content\/uploads\/2026\/04\/HustClaire_Short-Helena-Hello-01.jpg","width":1000,"height":1000},{"@type":"BreadcrumbList","@id":"https:\/\/www.nuageconceptstore.ch\/en\/produit\/helena-hello\/#breadcrumb","itemListElement":[{"@type":"ListItem","position":1,"name":"Welcome","item":"https:\/\/www.nuageconceptstore.ch\/en\/home-01\/"},{"@type":"ListItem","position":2,"name":"Products","item":"https:\/\/www.nuageconceptstore.ch\/en\/shop\/"},{"@type":"ListItem","position":3,"name":"Short Helena Hello"}]},{"@type":"WebSite","@id":"https:\/\/www.nuageconceptstore.ch\/en\/#website","url":"https:\/\/www.nuageconceptstore.ch\/en\/","name":"Nuage Concept Store","description":"The Concept store for children","publisher":{"@id":"https:\/\/www.nuageconceptstore.ch\/en\/#organization"},"potentialAction":[{"@type":"SearchAction","target":{"@type":"EntryPoint","urlTemplate":"https:\/\/www.nuageconceptstore.ch\/en\/?s={search_term_string}"},"query-input":{"@type":"PropertyValueSpecification","valueRequired":true,"valueName":"search_term_string"}}],"inLanguage":"en-US"},{"@type":"Organization","@id":"https:\/\/www.nuageconceptstore.ch\/en\/#organization","name":"Nuage Concept Store","url":"https:\/\/www.nuageconceptstore.ch\/en\/","logo":{"@type":"ImageObject","inLanguage":"en-US","@id":"https:\/\/www.nuageconceptstore.ch\/en\/#\/schema\/logo\/image\/","url":"https:\/\/nuagelausanne.ch\/wp-content\/uploads\/2022\/02\/cropped-LOGO_2022_SANS_ETOILE-e1643927377685.png","contentUrl":"https:\/\/nuagelausanne.ch\/wp-content\/uploads\/2022\/02\/cropped-LOGO_2022_SANS_ETOILE-e1643927377685.png","width":512,"height":512,"caption":"Nuage Concept Store"},"image":{"@id":"https:\/\/www.nuageconceptstore.ch\/en\/#\/schema\/logo\/image\/"},"sameAs":["https:\/\/www.facebook.com\/nuagelausanne","https:\/\/www.instagram.com\/nuagelausanne"]}]}},"_links":{"self":[{"href":"https:\/\/www.nuageconceptstore.ch\/en\/wp-json\/wp\/v2\/product\/181186","targetHints":{"allow":["GET"]}}],"collection":[{"href":"https:\/\/www.nuageconceptstore.ch\/en\/wp-json\/wp\/v2\/product"}],"about":[{"href":"https:\/\/www.nuageconceptstore.ch\/en\/wp-json\/wp\/v2\/types\/product"}],"replies":[{"embeddable":true,"href":"https:\/\/www.nuageconceptstore.ch\/en\/wp-json\/wp\/v2\/comments?post=181186"}],"version-history":[{"count":3,"href":"https:\/\/www.nuageconceptstore.ch\/en\/wp-json\/wp\/v2\/product\/181186\/revisions"}],"predecessor-version":[{"id":181432,"href":"https:\/\/www.nuageconceptstore.ch\/en\/wp-json\/wp\/v2\/product\/181186\/revisions\/181432"}],"wp:featuredmedia":[{"embeddable":true,"href":"https:\/\/www.nuageconceptstore.ch\/en\/wp-json\/wp\/v2\/media\/181455"}],"wp:attachment":[{"href":"https:\/\/www.nuageconceptstore.ch\/en\/wp-json\/wp\/v2\/media?parent=181186"}],"wp:term":[{"taxonomy":"product_brand","embeddable":true,"href":"https:\/\/www.nuageconceptstore.ch\/en\/wp-json\/wp\/v2\/product_brand?post=181186"},{"taxonomy":"product_cat","embeddable":true,"href":"https:\/\/www.nuageconceptstore.ch\/en\/wp-json\/wp\/v2\/product_cat?post=181186"},{"taxonomy":"product_tag","embeddable":true,"href":"https:\/\/www.nuageconceptstore.ch\/en\/wp-json\/wp\/v2\/product_tag?post=181186"}],"curies":[{"name":"wp","href":"https:\/\/api.w.org\/{rel}","templated":true}]}}