{"id":181772,"date":"2026-04-12T17:00:42","date_gmt":"2026-04-12T15:00:42","guid":{"rendered":"https:\/\/www.nuageconceptstore.ch\/produit\/maillot-de-bain-couche-anti-uv-orange\/"},"modified":"2026-04-19T23:54:37","modified_gmt":"2026-04-19T21:54:37","slug":"maillot-de-bain-couche-anti-uv-orange","status":"publish","type":"product","link":"https:\/\/www.nuageconceptstore.ch\/en\/produit\/maillot-de-bain-couche-anti-uv-orange\/","title":{"rendered":"Maillot de bain couche anti-UV Orange"},"content":{"rendered":"","protected":false},"excerpt":{"rendered":"<p>Le <strong>maillot de bain couche r\u00e9utilisable<\/strong> L\u00c4SSIG est id\u00e9al pour les vacances \u00e0 la plage ou pour aller \u00e0 la piscine. Ce maillot de bain couche en vert \u00e9cume est une alternative \u00e9cologique aux couches \u00e0 usage unique. Sa doublure int\u00e9rieure garde la peau des enfants au sec et les gros accidents ne se r\u00e9pandent pas dans l\u2019eau. La couche de bain pour b\u00e9b\u00e9 L\u00c4SSIG est une excellente alternative \u00e9cologique aux couches \u00e0 usage unique, car elle est \u00e0 base de d\u00e9chets plastiques qui ont \u00e9t\u00e9 recycl\u00e9s et transform\u00e9s en un nouveau mat\u00e9riau.<\/p>\n<ul>\n<li>Composition: 100 % polyester (recycl\u00e9)<\/li>\n<li>Mat\u00e9riau int\u00e9rieur : 100 % polyester<\/li>\n<li>Lavable \u00e0 30 \u00b0C en cycle doux<\/li>\n<li>Le syst\u00e8me de doublure et d\u2019inserts int\u00e9gr\u00e9s, brevet\u00e9 &amp; absorbant l\u2019humidit\u00e9, offre le plaisir d\u2019une baignade sans souci et sans gros accidents<\/li>\n<\/ul>\n","protected":false},"featured_media":0,"comment_status":"open","ping_status":"closed","template":"elementor_theme","meta":{"site-sidebar-layout":"default","site-content-layout":"","ast-site-content-layout":"default","site-content-style":"default","site-sidebar-style":"default","ast-global-header-display":"","ast-banner-title-visibility":"","ast-main-header-display":"","ast-hfb-above-header-display":"","ast-hfb-below-header-display":"","ast-hfb-mobile-header-display":"","site-post-title":"","ast-breadcrumbs-content":"","ast-featured-img":"","footer-sml-layout":"","ast-disable-related-posts":"","theme-transparent-header-meta":"default","adv-header-id-meta":"","stick-header-meta":"default","header-above-stick-meta":"","header-main-stick-meta":"","header-below-stick-meta":"","astra-migrate-meta-layouts":"set","ast-page-background-enabled":"default","ast-page-background-meta":{"desktop":{"background-color":"var(--ast-global-color-5)","background-image":"","background-repeat":"repeat","background-position":"center center","background-size":"auto","background-attachment":"scroll","background-type":"","background-media":"","overlay-type":"","overlay-color":"","overlay-opacity":"","overlay-gradient":""},"tablet":{"background-color":"","background-image":"","background-repeat":"repeat","background-position":"center center","background-size":"auto","background-attachment":"scroll","background-type":"","background-media":"","overlay-type":"","overlay-color":"","overlay-opacity":"","overlay-gradient":""},"mobile":{"background-color":"","background-image":"","background-repeat":"repeat","background-position":"center center","background-size":"auto","background-attachment":"scroll","background-type":"","background-media":"","overlay-type":"","overlay-color":"","overlay-opacity":"","overlay-gradient":""}},"ast-content-background-meta":{"desktop":{"background-color":"var(--ast-global-color-4)","background-image":"","background-repeat":"repeat","background-position":"center center","background-size":"auto","background-attachment":"scroll","background-type":"","background-media":"","overlay-type":"","overlay-color":"","overlay-opacity":"","overlay-gradient":""},"tablet":{"background-color":"var(--ast-global-color-4)","background-image":"","background-repeat":"repeat","background-position":"center center","background-size":"auto","background-attachment":"scroll","background-type":"","background-media":"","overlay-type":"","overlay-color":"","overlay-opacity":"","overlay-gradient":""},"mobile":{"background-color":"var(--ast-global-color-4)","background-image":"","background-repeat":"repeat","background-position":"center center","background-size":"auto","background-attachment":"scroll","background-type":"","background-media":"","overlay-type":"","overlay-color":"","overlay-opacity":"","overlay-gradient":""}}},"product_brand":[],"product_cat":[1611,1115,1116,406,1287],"product_tag":[],"class_list":{"0":"post-181772","1":"product","2":"type-product","3":"status-publish","5":"product_cat-laessig","6":"product_cat-maillots-de-bain","7":"product_cat-maillots-de-bain-couches","8":"product_cat-marques","9":"product_cat-piscine-plage","10":"desktop-align-left","11":"tablet-align-left","12":"mobile-align-left","13":"ast-product-gallery-layout-horizontal-slider","14":"ast-product-gallery-with-no-image","15":"ast-product-single-variable","16":"ast-product-tabs-layout-horizontal","18":"first","19":"instock","20":"taxable","21":"shipping-taxable","22":"purchasable","23":"product-type-variable","24":"has-default-attributes"},"yoast_head":"<!-- This site is optimized with the Yoast SEO plugin v27.3 - https:\/\/yoast.com\/product\/yoast-seo-wordpress\/ -->\n<title>Maillot de bain couche anti-UV Orange - Nuage<\/title>\n<meta name=\"robots\" content=\"index, follow, max-snippet:-1, max-image-preview:large, max-video-preview:-1\" \/>\n<link rel=\"canonical\" href=\"https:\/\/www.nuageconceptstore.ch\/en\/produit\/maillot-de-bain-couche-anti-uv-orange\/\" \/>\n<meta property=\"og:locale\" content=\"en_US\" \/>\n<meta property=\"og:type\" content=\"article\" \/>\n<meta property=\"og:title\" content=\"Maillot de bain couche anti-UV Orange - Nuage\" \/>\n<meta property=\"og:description\" content=\"Le maillot de bain couche r\u00e9utilisable L\u00c4SSIG est id\u00e9al pour les vacances \u00e0 la plage ou pour aller \u00e0 la piscine. Ce maillot de bain couche en vert \u00e9cume est une alternative \u00e9cologique aux couches \u00e0 usage unique. Sa doublure int\u00e9rieure garde la peau des enfants au sec et les gros accidents ne se r\u00e9pandent pas dans l\u2019eau. La couche de bain pour b\u00e9b\u00e9 L\u00c4SSIG est une excellente alternative \u00e9cologique aux couches \u00e0 usage unique, car elle est \u00e0 base de d\u00e9chets plastiques qui ont \u00e9t\u00e9 recycl\u00e9s et transform\u00e9s en un nouveau mat\u00e9riau.   Composition: 100 % polyester (recycl\u00e9)  Mat\u00e9riau int\u00e9rieur : 100 % polyester  Lavable \u00e0 30 \u00b0C en cycle doux  Le syst\u00e8me de doublure et d\u2019inserts int\u00e9gr\u00e9s, brevet\u00e9 &amp; absorbant l\u2019humidit\u00e9, offre le plaisir d\u2019une baignade sans souci et sans gros accidents\" \/>\n<meta property=\"og:url\" content=\"https:\/\/www.nuageconceptstore.ch\/en\/produit\/maillot-de-bain-couche-anti-uv-orange\/\" \/>\n<meta property=\"og:site_name\" content=\"Nuage\" \/>\n<meta property=\"article:publisher\" content=\"https:\/\/www.facebook.com\/nuagelausanne\" \/>\n<meta property=\"article:modified_time\" content=\"2026-04-19T21:54:37+00:00\" \/>\n<meta name=\"twitter:card\" content=\"summary_large_image\" \/>\n<script type=\"application\/ld+json\" class=\"yoast-schema-graph\">{\"@context\":\"https:\\\/\\\/schema.org\",\"@graph\":[{\"@type\":\"WebPage\",\"@id\":\"https:\\\/\\\/www.nuageconceptstore.ch\\\/en\\\/produit\\\/maillot-de-bain-couche-anti-uv-orange\\\/\",\"url\":\"https:\\\/\\\/www.nuageconceptstore.ch\\\/en\\\/produit\\\/maillot-de-bain-couche-anti-uv-orange\\\/\",\"name\":\"Maillot de bain couche anti-UV Orange - Nuage\",\"isPartOf\":{\"@id\":\"https:\\\/\\\/www.nuageconceptstore.ch\\\/en\\\/#website\"},\"datePublished\":\"2026-04-12T15:00:42+00:00\",\"dateModified\":\"2026-04-19T21:54:37+00:00\",\"breadcrumb\":{\"@id\":\"https:\\\/\\\/www.nuageconceptstore.ch\\\/en\\\/produit\\\/maillot-de-bain-couche-anti-uv-orange\\\/#breadcrumb\"},\"inLanguage\":\"en-US\",\"potentialAction\":[{\"@type\":\"ReadAction\",\"target\":[\"https:\\\/\\\/www.nuageconceptstore.ch\\\/en\\\/produit\\\/maillot-de-bain-couche-anti-uv-orange\\\/\"]}]},{\"@type\":\"BreadcrumbList\",\"@id\":\"https:\\\/\\\/www.nuageconceptstore.ch\\\/en\\\/produit\\\/maillot-de-bain-couche-anti-uv-orange\\\/#breadcrumb\",\"itemListElement\":[{\"@type\":\"ListItem\",\"position\":1,\"name\":\"Welcome\",\"item\":\"https:\\\/\\\/www.nuageconceptstore.ch\\\/en\\\/home-01\\\/\"},{\"@type\":\"ListItem\",\"position\":2,\"name\":\"Products\",\"item\":\"https:\\\/\\\/www.nuageconceptstore.ch\\\/en\\\/shop\\\/\"},{\"@type\":\"ListItem\",\"position\":3,\"name\":\"Maillot de bain couche anti-UV Orange\"}]},{\"@type\":\"WebSite\",\"@id\":\"https:\\\/\\\/www.nuageconceptstore.ch\\\/en\\\/#website\",\"url\":\"https:\\\/\\\/www.nuageconceptstore.ch\\\/en\\\/\",\"name\":\"Nuage Concept Store\",\"description\":\"The Concept store for children\",\"publisher\":{\"@id\":\"https:\\\/\\\/www.nuageconceptstore.ch\\\/en\\\/#organization\"},\"potentialAction\":[{\"@type\":\"SearchAction\",\"target\":{\"@type\":\"EntryPoint\",\"urlTemplate\":\"https:\\\/\\\/www.nuageconceptstore.ch\\\/en\\\/?s={search_term_string}\"},\"query-input\":{\"@type\":\"PropertyValueSpecification\",\"valueRequired\":true,\"valueName\":\"search_term_string\"}}],\"inLanguage\":\"en-US\"},{\"@type\":\"Organization\",\"@id\":\"https:\\\/\\\/www.nuageconceptstore.ch\\\/en\\\/#organization\",\"name\":\"Nuage Concept Store\",\"url\":\"https:\\\/\\\/www.nuageconceptstore.ch\\\/en\\\/\",\"logo\":{\"@type\":\"ImageObject\",\"inLanguage\":\"en-US\",\"@id\":\"https:\\\/\\\/www.nuageconceptstore.ch\\\/en\\\/#\\\/schema\\\/logo\\\/image\\\/\",\"url\":\"https:\\\/\\\/nuagelausanne.ch\\\/wp-content\\\/uploads\\\/2022\\\/02\\\/cropped-LOGO_2022_SANS_ETOILE-e1643927377685.png\",\"contentUrl\":\"https:\\\/\\\/nuagelausanne.ch\\\/wp-content\\\/uploads\\\/2022\\\/02\\\/cropped-LOGO_2022_SANS_ETOILE-e1643927377685.png\",\"width\":512,\"height\":512,\"caption\":\"Nuage Concept Store\"},\"image\":{\"@id\":\"https:\\\/\\\/www.nuageconceptstore.ch\\\/en\\\/#\\\/schema\\\/logo\\\/image\\\/\"},\"sameAs\":[\"https:\\\/\\\/www.facebook.com\\\/nuagelausanne\",\"https:\\\/\\\/www.instagram.com\\\/nuagelausanne\"]}]}<\/script>\n<!-- \/ Yoast SEO plugin. -->","yoast_head_json":{"title":"Maillot de bain couche anti-UV Orange - Nuage","robots":{"index":"index","follow":"follow","max-snippet":"max-snippet:-1","max-image-preview":"max-image-preview:large","max-video-preview":"max-video-preview:-1"},"canonical":"https:\/\/www.nuageconceptstore.ch\/en\/produit\/maillot-de-bain-couche-anti-uv-orange\/","og_locale":"en_US","og_type":"article","og_title":"Maillot de bain couche anti-UV Orange - Nuage","og_description":"Le maillot de bain couche r\u00e9utilisable L\u00c4SSIG est id\u00e9al pour les vacances \u00e0 la plage ou pour aller \u00e0 la piscine. Ce maillot de bain couche en vert \u00e9cume est une alternative \u00e9cologique aux couches \u00e0 usage unique. Sa doublure int\u00e9rieure garde la peau des enfants au sec et les gros accidents ne se r\u00e9pandent pas dans l\u2019eau. La couche de bain pour b\u00e9b\u00e9 L\u00c4SSIG est une excellente alternative \u00e9cologique aux couches \u00e0 usage unique, car elle est \u00e0 base de d\u00e9chets plastiques qui ont \u00e9t\u00e9 recycl\u00e9s et transform\u00e9s en un nouveau mat\u00e9riau.   Composition: 100 % polyester (recycl\u00e9)  Mat\u00e9riau int\u00e9rieur : 100 % polyester  Lavable \u00e0 30 \u00b0C en cycle doux  Le syst\u00e8me de doublure et d\u2019inserts int\u00e9gr\u00e9s, brevet\u00e9 &amp; absorbant l\u2019humidit\u00e9, offre le plaisir d\u2019une baignade sans souci et sans gros accidents","og_url":"https:\/\/www.nuageconceptstore.ch\/en\/produit\/maillot-de-bain-couche-anti-uv-orange\/","og_site_name":"Nuage","article_publisher":"https:\/\/www.facebook.com\/nuagelausanne","article_modified_time":"2026-04-19T21:54:37+00:00","twitter_card":"summary_large_image","schema":{"@context":"https:\/\/schema.org","@graph":[{"@type":"WebPage","@id":"https:\/\/www.nuageconceptstore.ch\/en\/produit\/maillot-de-bain-couche-anti-uv-orange\/","url":"https:\/\/www.nuageconceptstore.ch\/en\/produit\/maillot-de-bain-couche-anti-uv-orange\/","name":"Maillot de bain couche anti-UV Orange - Nuage","isPartOf":{"@id":"https:\/\/www.nuageconceptstore.ch\/en\/#website"},"datePublished":"2026-04-12T15:00:42+00:00","dateModified":"2026-04-19T21:54:37+00:00","breadcrumb":{"@id":"https:\/\/www.nuageconceptstore.ch\/en\/produit\/maillot-de-bain-couche-anti-uv-orange\/#breadcrumb"},"inLanguage":"en-US","potentialAction":[{"@type":"ReadAction","target":["https:\/\/www.nuageconceptstore.ch\/en\/produit\/maillot-de-bain-couche-anti-uv-orange\/"]}]},{"@type":"BreadcrumbList","@id":"https:\/\/www.nuageconceptstore.ch\/en\/produit\/maillot-de-bain-couche-anti-uv-orange\/#breadcrumb","itemListElement":[{"@type":"ListItem","position":1,"name":"Welcome","item":"https:\/\/www.nuageconceptstore.ch\/en\/home-01\/"},{"@type":"ListItem","position":2,"name":"Products","item":"https:\/\/www.nuageconceptstore.ch\/en\/shop\/"},{"@type":"ListItem","position":3,"name":"Maillot de bain couche anti-UV Orange"}]},{"@type":"WebSite","@id":"https:\/\/www.nuageconceptstore.ch\/en\/#website","url":"https:\/\/www.nuageconceptstore.ch\/en\/","name":"Nuage Concept Store","description":"The Concept store for children","publisher":{"@id":"https:\/\/www.nuageconceptstore.ch\/en\/#organization"},"potentialAction":[{"@type":"SearchAction","target":{"@type":"EntryPoint","urlTemplate":"https:\/\/www.nuageconceptstore.ch\/en\/?s={search_term_string}"},"query-input":{"@type":"PropertyValueSpecification","valueRequired":true,"valueName":"search_term_string"}}],"inLanguage":"en-US"},{"@type":"Organization","@id":"https:\/\/www.nuageconceptstore.ch\/en\/#organization","name":"Nuage Concept Store","url":"https:\/\/www.nuageconceptstore.ch\/en\/","logo":{"@type":"ImageObject","inLanguage":"en-US","@id":"https:\/\/www.nuageconceptstore.ch\/en\/#\/schema\/logo\/image\/","url":"https:\/\/nuagelausanne.ch\/wp-content\/uploads\/2022\/02\/cropped-LOGO_2022_SANS_ETOILE-e1643927377685.png","contentUrl":"https:\/\/nuagelausanne.ch\/wp-content\/uploads\/2022\/02\/cropped-LOGO_2022_SANS_ETOILE-e1643927377685.png","width":512,"height":512,"caption":"Nuage Concept Store"},"image":{"@id":"https:\/\/www.nuageconceptstore.ch\/en\/#\/schema\/logo\/image\/"},"sameAs":["https:\/\/www.facebook.com\/nuagelausanne","https:\/\/www.instagram.com\/nuagelausanne"]}]}},"_links":{"self":[{"href":"https:\/\/www.nuageconceptstore.ch\/en\/wp-json\/wp\/v2\/product\/181772","targetHints":{"allow":["GET"]}}],"collection":[{"href":"https:\/\/www.nuageconceptstore.ch\/en\/wp-json\/wp\/v2\/product"}],"about":[{"href":"https:\/\/www.nuageconceptstore.ch\/en\/wp-json\/wp\/v2\/types\/product"}],"replies":[{"embeddable":true,"href":"https:\/\/www.nuageconceptstore.ch\/en\/wp-json\/wp\/v2\/comments?post=181772"}],"version-history":[{"count":2,"href":"https:\/\/www.nuageconceptstore.ch\/en\/wp-json\/wp\/v2\/product\/181772\/revisions"}],"predecessor-version":[{"id":182868,"href":"https:\/\/www.nuageconceptstore.ch\/en\/wp-json\/wp\/v2\/product\/181772\/revisions\/182868"}],"wp:attachment":[{"href":"https:\/\/www.nuageconceptstore.ch\/en\/wp-json\/wp\/v2\/media?parent=181772"}],"wp:term":[{"taxonomy":"product_brand","embeddable":true,"href":"https:\/\/www.nuageconceptstore.ch\/en\/wp-json\/wp\/v2\/product_brand?post=181772"},{"taxonomy":"product_cat","embeddable":true,"href":"https:\/\/www.nuageconceptstore.ch\/en\/wp-json\/wp\/v2\/product_cat?post=181772"},{"taxonomy":"product_tag","embeddable":true,"href":"https:\/\/www.nuageconceptstore.ch\/en\/wp-json\/wp\/v2\/product_tag?post=181772"}],"curies":[{"name":"wp","href":"https:\/\/api.w.org\/{rel}","templated":true}]}}