{"id":182405,"date":"2026-04-14T23:52:51","date_gmt":"2026-04-14T21:52:51","guid":{"rendered":"https:\/\/www.nuageconceptstore.ch\/produit\/coffret-naissance-phare\/"},"modified":"2026-04-22T11:46:20","modified_gmt":"2026-04-22T09:46:20","slug":"coffret-naissance-phare","status":"publish","type":"product","link":"https:\/\/www.nuageconceptstore.ch\/en\/produit\/coffret-naissance-phare\/","title":{"rendered":"Coffret naissance phare"},"content":{"rendered":"","protected":false},"excerpt":{"rendered":"<p>Le pack naissance TENDRURE de BABIDU offre une option pratique et \u00e9l\u00e9gante pour les premiers jours du nouveau-n\u00e9. Ce pack est compris de 1 ensamble, 1 bonnet, des muffles et 1 body.<\/p>\n<p>Con\u00e7u pour simplifier la pr\u00e9paration et le cadeau, le pack naissance comprend des \u00e9l\u00e9ments essentiels dans un design neutre et actuel, parfait pour ceux qui recherchent la qualit\u00e9 et le bon go\u00fbt dans un seul produit.<\/p>\n","protected":false},"featured_media":183302,"comment_status":"open","ping_status":"closed","template":"elementor_theme","meta":{"site-sidebar-layout":"default","site-content-layout":"","ast-site-content-layout":"default","site-content-style":"default","site-sidebar-style":"default","ast-global-header-display":"","ast-banner-title-visibility":"","ast-main-header-display":"","ast-hfb-above-header-display":"","ast-hfb-below-header-display":"","ast-hfb-mobile-header-display":"","site-post-title":"","ast-breadcrumbs-content":"","ast-featured-img":"","footer-sml-layout":"","ast-disable-related-posts":"","theme-transparent-header-meta":"default","adv-header-id-meta":"","stick-header-meta":"default","header-above-stick-meta":"","header-main-stick-meta":"","header-below-stick-meta":"","astra-migrate-meta-layouts":"set","ast-page-background-enabled":"default","ast-page-background-meta":{"desktop":{"background-color":"var(--ast-global-color-5)","background-image":"","background-repeat":"repeat","background-position":"center center","background-size":"auto","background-attachment":"scroll","background-type":"","background-media":"","overlay-type":"","overlay-color":"","overlay-opacity":"","overlay-gradient":""},"tablet":{"background-color":"","background-image":"","background-repeat":"repeat","background-position":"center center","background-size":"auto","background-attachment":"scroll","background-type":"","background-media":"","overlay-type":"","overlay-color":"","overlay-opacity":"","overlay-gradient":""},"mobile":{"background-color":"","background-image":"","background-repeat":"repeat","background-position":"center center","background-size":"auto","background-attachment":"scroll","background-type":"","background-media":"","overlay-type":"","overlay-color":"","overlay-opacity":"","overlay-gradient":""}},"ast-content-background-meta":{"desktop":{"background-color":"var(--ast-global-color-4)","background-image":"","background-repeat":"repeat","background-position":"center center","background-size":"auto","background-attachment":"scroll","background-type":"","background-media":"","overlay-type":"","overlay-color":"","overlay-opacity":"","overlay-gradient":""},"tablet":{"background-color":"var(--ast-global-color-4)","background-image":"","background-repeat":"repeat","background-position":"center center","background-size":"auto","background-attachment":"scroll","background-type":"","background-media":"","overlay-type":"","overlay-color":"","overlay-opacity":"","overlay-gradient":""},"mobile":{"background-color":"var(--ast-global-color-4)","background-image":"","background-repeat":"repeat","background-position":"center center","background-size":"auto","background-attachment":"scroll","background-type":"","background-media":"","overlay-type":"","overlay-color":"","overlay-opacity":"","overlay-gradient":""}}},"product_brand":[],"product_cat":[4357,1793,1797,406,4136],"product_tag":[507],"class_list":{"0":"post-182405","1":"product","2":"type-product","3":"status-publish","4":"has-post-thumbnail","6":"product_cat-babidu","7":"product_cat-bebes","8":"product_cat-ensembles-et-combinaisons","9":"product_cat-marques","10":"product_cat-vetements-bebes","11":"product_tag-naissance","12":"desktop-align-left","13":"tablet-align-left","14":"mobile-align-left","15":"ast-product-gallery-layout-horizontal-slider","16":"ast-product-gallery-with-no-image","17":"ast-product-tabs-layout-horizontal","19":"first","20":"instock","21":"taxable","22":"shipping-taxable","23":"purchasable","24":"product-type-simple"},"yoast_head":"<!-- This site is optimized with the Yoast SEO plugin v27.4 - https:\/\/yoast.com\/product\/yoast-seo-wordpress\/ -->\n<title>Coffret naissance phare - Nuage<\/title>\n<meta name=\"robots\" content=\"index, follow, max-snippet:-1, max-image-preview:large, max-video-preview:-1\" \/>\n<link rel=\"canonical\" href=\"https:\/\/www.nuageconceptstore.ch\/en\/produit\/coffret-naissance-phare\/\" \/>\n<meta property=\"og:locale\" content=\"en_US\" \/>\n<meta property=\"og:type\" content=\"article\" \/>\n<meta property=\"og:title\" content=\"Coffret naissance phare - Nuage\" \/>\n<meta property=\"og:description\" content=\"Le pack naissance TENDRURE de BABIDU offre une option pratique et \u00e9l\u00e9gante pour les premiers jours du nouveau-n\u00e9. Ce pack est compris de 1 ensamble, 1 bonnet, des muffles et 1 body.  Con\u00e7u pour simplifier la pr\u00e9paration et le cadeau, le pack naissance comprend des \u00e9l\u00e9ments essentiels dans un design neutre et actuel, parfait pour ceux qui recherchent la qualit\u00e9 et le bon go\u00fbt dans un seul produit.\" \/>\n<meta property=\"og:url\" content=\"https:\/\/www.nuageconceptstore.ch\/en\/produit\/coffret-naissance-phare\/\" \/>\n<meta property=\"og:site_name\" content=\"Nuage\" \/>\n<meta property=\"article:publisher\" content=\"https:\/\/www.facebook.com\/nuagelausanne\" \/>\n<meta property=\"article:modified_time\" content=\"2026-04-22T09:46:20+00:00\" \/>\n<meta property=\"og:image\" content=\"https:\/\/www.nuageconceptstore.ch\/wp-content\/uploads\/2026\/04\/Babidu_Coffret-naissance-phare-01.jpg\" \/>\n\t<meta property=\"og:image:width\" content=\"1000\" \/>\n\t<meta property=\"og:image:height\" content=\"1000\" \/>\n\t<meta property=\"og:image:type\" content=\"image\/jpeg\" \/>\n<meta name=\"twitter:card\" content=\"summary_large_image\" \/>\n<meta name=\"twitter:label1\" content=\"Est. reading time\" \/>\n\t<meta name=\"twitter:data1\" content=\"1 minute\" \/>\n<script type=\"application\/ld+json\" class=\"yoast-schema-graph\">{\"@context\":\"https:\\\/\\\/schema.org\",\"@graph\":[{\"@type\":\"WebPage\",\"@id\":\"https:\\\/\\\/www.nuageconceptstore.ch\\\/en\\\/produit\\\/coffret-naissance-phare\\\/\",\"url\":\"https:\\\/\\\/www.nuageconceptstore.ch\\\/en\\\/produit\\\/coffret-naissance-phare\\\/\",\"name\":\"Coffret naissance phare - Nuage\",\"isPartOf\":{\"@id\":\"https:\\\/\\\/www.nuageconceptstore.ch\\\/en\\\/#website\"},\"primaryImageOfPage\":{\"@id\":\"https:\\\/\\\/www.nuageconceptstore.ch\\\/en\\\/produit\\\/coffret-naissance-phare\\\/#primaryimage\"},\"image\":{\"@id\":\"https:\\\/\\\/www.nuageconceptstore.ch\\\/en\\\/produit\\\/coffret-naissance-phare\\\/#primaryimage\"},\"thumbnailUrl\":\"https:\\\/\\\/www.nuageconceptstore.ch\\\/wp-content\\\/uploads\\\/2026\\\/04\\\/Babidu_Coffret-naissance-phare-01.jpg\",\"datePublished\":\"2026-04-14T21:52:51+00:00\",\"dateModified\":\"2026-04-22T09:46:20+00:00\",\"breadcrumb\":{\"@id\":\"https:\\\/\\\/www.nuageconceptstore.ch\\\/en\\\/produit\\\/coffret-naissance-phare\\\/#breadcrumb\"},\"inLanguage\":\"en-US\",\"potentialAction\":[{\"@type\":\"ReadAction\",\"target\":[\"https:\\\/\\\/www.nuageconceptstore.ch\\\/en\\\/produit\\\/coffret-naissance-phare\\\/\"]}]},{\"@type\":\"ImageObject\",\"inLanguage\":\"en-US\",\"@id\":\"https:\\\/\\\/www.nuageconceptstore.ch\\\/en\\\/produit\\\/coffret-naissance-phare\\\/#primaryimage\",\"url\":\"https:\\\/\\\/www.nuageconceptstore.ch\\\/wp-content\\\/uploads\\\/2026\\\/04\\\/Babidu_Coffret-naissance-phare-01.jpg\",\"contentUrl\":\"https:\\\/\\\/www.nuageconceptstore.ch\\\/wp-content\\\/uploads\\\/2026\\\/04\\\/Babidu_Coffret-naissance-phare-01.jpg\",\"width\":1000,\"height\":1000},{\"@type\":\"BreadcrumbList\",\"@id\":\"https:\\\/\\\/www.nuageconceptstore.ch\\\/en\\\/produit\\\/coffret-naissance-phare\\\/#breadcrumb\",\"itemListElement\":[{\"@type\":\"ListItem\",\"position\":1,\"name\":\"Welcome\",\"item\":\"https:\\\/\\\/www.nuageconceptstore.ch\\\/en\\\/home-01\\\/\"},{\"@type\":\"ListItem\",\"position\":2,\"name\":\"Products\",\"item\":\"https:\\\/\\\/www.nuageconceptstore.ch\\\/en\\\/shop\\\/\"},{\"@type\":\"ListItem\",\"position\":3,\"name\":\"Coffret naissance phare\"}]},{\"@type\":\"WebSite\",\"@id\":\"https:\\\/\\\/www.nuageconceptstore.ch\\\/en\\\/#website\",\"url\":\"https:\\\/\\\/www.nuageconceptstore.ch\\\/en\\\/\",\"name\":\"Nuage Concept Store\",\"description\":\"The Concept store for children\",\"publisher\":{\"@id\":\"https:\\\/\\\/www.nuageconceptstore.ch\\\/en\\\/#organization\"},\"potentialAction\":[{\"@type\":\"SearchAction\",\"target\":{\"@type\":\"EntryPoint\",\"urlTemplate\":\"https:\\\/\\\/www.nuageconceptstore.ch\\\/en\\\/?s={search_term_string}\"},\"query-input\":{\"@type\":\"PropertyValueSpecification\",\"valueRequired\":true,\"valueName\":\"search_term_string\"}}],\"inLanguage\":\"en-US\"},{\"@type\":\"Organization\",\"@id\":\"https:\\\/\\\/www.nuageconceptstore.ch\\\/en\\\/#organization\",\"name\":\"Nuage Concept Store\",\"url\":\"https:\\\/\\\/www.nuageconceptstore.ch\\\/en\\\/\",\"logo\":{\"@type\":\"ImageObject\",\"inLanguage\":\"en-US\",\"@id\":\"https:\\\/\\\/www.nuageconceptstore.ch\\\/en\\\/#\\\/schema\\\/logo\\\/image\\\/\",\"url\":\"https:\\\/\\\/nuagelausanne.ch\\\/wp-content\\\/uploads\\\/2022\\\/02\\\/cropped-LOGO_2022_SANS_ETOILE-e1643927377685.png\",\"contentUrl\":\"https:\\\/\\\/nuagelausanne.ch\\\/wp-content\\\/uploads\\\/2022\\\/02\\\/cropped-LOGO_2022_SANS_ETOILE-e1643927377685.png\",\"width\":512,\"height\":512,\"caption\":\"Nuage Concept Store\"},\"image\":{\"@id\":\"https:\\\/\\\/www.nuageconceptstore.ch\\\/en\\\/#\\\/schema\\\/logo\\\/image\\\/\"},\"sameAs\":[\"https:\\\/\\\/www.facebook.com\\\/nuagelausanne\",\"https:\\\/\\\/www.instagram.com\\\/nuagelausanne\"]}]}<\/script>\n<!-- \/ Yoast SEO plugin. -->","yoast_head_json":{"title":"Coffret naissance phare - Nuage","robots":{"index":"index","follow":"follow","max-snippet":"max-snippet:-1","max-image-preview":"max-image-preview:large","max-video-preview":"max-video-preview:-1"},"canonical":"https:\/\/www.nuageconceptstore.ch\/en\/produit\/coffret-naissance-phare\/","og_locale":"en_US","og_type":"article","og_title":"Coffret naissance phare - Nuage","og_description":"Le pack naissance TENDRURE de BABIDU offre une option pratique et \u00e9l\u00e9gante pour les premiers jours du nouveau-n\u00e9. Ce pack est compris de 1 ensamble, 1 bonnet, des muffles et 1 body.  Con\u00e7u pour simplifier la pr\u00e9paration et le cadeau, le pack naissance comprend des \u00e9l\u00e9ments essentiels dans un design neutre et actuel, parfait pour ceux qui recherchent la qualit\u00e9 et le bon go\u00fbt dans un seul produit.","og_url":"https:\/\/www.nuageconceptstore.ch\/en\/produit\/coffret-naissance-phare\/","og_site_name":"Nuage","article_publisher":"https:\/\/www.facebook.com\/nuagelausanne","article_modified_time":"2026-04-22T09:46:20+00:00","og_image":[{"width":1000,"height":1000,"url":"https:\/\/www.nuageconceptstore.ch\/wp-content\/uploads\/2026\/04\/Babidu_Coffret-naissance-phare-01.jpg","type":"image\/jpeg"}],"twitter_card":"summary_large_image","twitter_misc":{"Est. reading time":"1 minute"},"schema":{"@context":"https:\/\/schema.org","@graph":[{"@type":"WebPage","@id":"https:\/\/www.nuageconceptstore.ch\/en\/produit\/coffret-naissance-phare\/","url":"https:\/\/www.nuageconceptstore.ch\/en\/produit\/coffret-naissance-phare\/","name":"Coffret naissance phare - Nuage","isPartOf":{"@id":"https:\/\/www.nuageconceptstore.ch\/en\/#website"},"primaryImageOfPage":{"@id":"https:\/\/www.nuageconceptstore.ch\/en\/produit\/coffret-naissance-phare\/#primaryimage"},"image":{"@id":"https:\/\/www.nuageconceptstore.ch\/en\/produit\/coffret-naissance-phare\/#primaryimage"},"thumbnailUrl":"https:\/\/www.nuageconceptstore.ch\/wp-content\/uploads\/2026\/04\/Babidu_Coffret-naissance-phare-01.jpg","datePublished":"2026-04-14T21:52:51+00:00","dateModified":"2026-04-22T09:46:20+00:00","breadcrumb":{"@id":"https:\/\/www.nuageconceptstore.ch\/en\/produit\/coffret-naissance-phare\/#breadcrumb"},"inLanguage":"en-US","potentialAction":[{"@type":"ReadAction","target":["https:\/\/www.nuageconceptstore.ch\/en\/produit\/coffret-naissance-phare\/"]}]},{"@type":"ImageObject","inLanguage":"en-US","@id":"https:\/\/www.nuageconceptstore.ch\/en\/produit\/coffret-naissance-phare\/#primaryimage","url":"https:\/\/www.nuageconceptstore.ch\/wp-content\/uploads\/2026\/04\/Babidu_Coffret-naissance-phare-01.jpg","contentUrl":"https:\/\/www.nuageconceptstore.ch\/wp-content\/uploads\/2026\/04\/Babidu_Coffret-naissance-phare-01.jpg","width":1000,"height":1000},{"@type":"BreadcrumbList","@id":"https:\/\/www.nuageconceptstore.ch\/en\/produit\/coffret-naissance-phare\/#breadcrumb","itemListElement":[{"@type":"ListItem","position":1,"name":"Welcome","item":"https:\/\/www.nuageconceptstore.ch\/en\/home-01\/"},{"@type":"ListItem","position":2,"name":"Products","item":"https:\/\/www.nuageconceptstore.ch\/en\/shop\/"},{"@type":"ListItem","position":3,"name":"Coffret naissance phare"}]},{"@type":"WebSite","@id":"https:\/\/www.nuageconceptstore.ch\/en\/#website","url":"https:\/\/www.nuageconceptstore.ch\/en\/","name":"Nuage Concept Store","description":"The Concept store for children","publisher":{"@id":"https:\/\/www.nuageconceptstore.ch\/en\/#organization"},"potentialAction":[{"@type":"SearchAction","target":{"@type":"EntryPoint","urlTemplate":"https:\/\/www.nuageconceptstore.ch\/en\/?s={search_term_string}"},"query-input":{"@type":"PropertyValueSpecification","valueRequired":true,"valueName":"search_term_string"}}],"inLanguage":"en-US"},{"@type":"Organization","@id":"https:\/\/www.nuageconceptstore.ch\/en\/#organization","name":"Nuage Concept Store","url":"https:\/\/www.nuageconceptstore.ch\/en\/","logo":{"@type":"ImageObject","inLanguage":"en-US","@id":"https:\/\/www.nuageconceptstore.ch\/en\/#\/schema\/logo\/image\/","url":"https:\/\/nuagelausanne.ch\/wp-content\/uploads\/2022\/02\/cropped-LOGO_2022_SANS_ETOILE-e1643927377685.png","contentUrl":"https:\/\/nuagelausanne.ch\/wp-content\/uploads\/2022\/02\/cropped-LOGO_2022_SANS_ETOILE-e1643927377685.png","width":512,"height":512,"caption":"Nuage Concept Store"},"image":{"@id":"https:\/\/www.nuageconceptstore.ch\/en\/#\/schema\/logo\/image\/"},"sameAs":["https:\/\/www.facebook.com\/nuagelausanne","https:\/\/www.instagram.com\/nuagelausanne"]}]}},"_links":{"self":[{"href":"https:\/\/www.nuageconceptstore.ch\/en\/wp-json\/wp\/v2\/product\/182405","targetHints":{"allow":["GET"]}}],"collection":[{"href":"https:\/\/www.nuageconceptstore.ch\/en\/wp-json\/wp\/v2\/product"}],"about":[{"href":"https:\/\/www.nuageconceptstore.ch\/en\/wp-json\/wp\/v2\/types\/product"}],"replies":[{"embeddable":true,"href":"https:\/\/www.nuageconceptstore.ch\/en\/wp-json\/wp\/v2\/comments?post=182405"}],"version-history":[{"count":3,"href":"https:\/\/www.nuageconceptstore.ch\/en\/wp-json\/wp\/v2\/product\/182405\/revisions"}],"predecessor-version":[{"id":183307,"href":"https:\/\/www.nuageconceptstore.ch\/en\/wp-json\/wp\/v2\/product\/182405\/revisions\/183307"}],"wp:featuredmedia":[{"embeddable":true,"href":"https:\/\/www.nuageconceptstore.ch\/en\/wp-json\/wp\/v2\/media\/183302"}],"wp:attachment":[{"href":"https:\/\/www.nuageconceptstore.ch\/en\/wp-json\/wp\/v2\/media?parent=182405"}],"wp:term":[{"taxonomy":"product_brand","embeddable":true,"href":"https:\/\/www.nuageconceptstore.ch\/en\/wp-json\/wp\/v2\/product_brand?post=182405"},{"taxonomy":"product_cat","embeddable":true,"href":"https:\/\/www.nuageconceptstore.ch\/en\/wp-json\/wp\/v2\/product_cat?post=182405"},{"taxonomy":"product_tag","embeddable":true,"href":"https:\/\/www.nuageconceptstore.ch\/en\/wp-json\/wp\/v2\/product_tag?post=182405"}],"curies":[{"name":"wp","href":"https:\/\/api.w.org\/{rel}","templated":true}]}}